{"id":1158,"date":"2021-11-06T11:25:11","date_gmt":"2021-11-06T10:25:11","guid":{"rendered":"https:\/\/www.scillasb.com\/?page_id=1158"},"modified":"2025-10-31T12:04:03","modified_gmt":"2025-10-31T11:04:03","slug":"attivita-benefit-supportate","status":"publish","type":"page","link":"https:\/\/scillasb.com\/en\/about-us\/attivita-benefit-supportate\/","title":{"rendered":"Attivit\u00e0 benefit supportate"},"content":{"rendered":"<div data-elementor-type=\"wp-page\" data-elementor-id=\"1158\" class=\"elementor elementor-1158\" data-elementor-post-type=\"page\">\n\t\t\t\t<div class=\"elementor-element elementor-element-6b644fa e-con-full e-flex e-con e-parent\" data-id=\"6b644fa\" data-element_type=\"container\" data-e-type=\"container\">\n\t\t\t\t<div class=\"elementor-element elementor-element-9dcba1f elementor-widget elementor-widget-template\" data-id=\"9dcba1f\" data-element_type=\"widget\" data-e-type=\"widget\" data-widget_type=\"template.default\">\n\t\t\t\t<div class=\"elementor-widget-container\">\n\t\t\t\t\t\t\t<div class=\"elementor-template\">\n\t\t\t\t\t<div data-elementor-type=\"section\" data-elementor-id=\"3820\" class=\"elementor elementor-3820\" data-elementor-post-type=\"elementor_library\">\n\t\t\t<div class=\"elementor-element elementor-element-45a3290 e-flex e-con-boxed e-con e-parent\" data-id=\"45a3290\" data-element_type=\"container\" data-e-type=\"container\" data-settings=\"{&quot;background_background&quot;:&quot;classic&quot;}\">\n\t\t\t\t\t<div class=\"e-con-inner\">\n\t\t<div class=\"elementor-element elementor-element-2a5f51f e-flex e-con-boxed e-con e-child\" data-id=\"2a5f51f\" data-element_type=\"container\" data-e-type=\"container\">\n\t\t\t\t\t<div class=\"e-con-inner\">\n\t\t\t\t<div class=\"elementor-element elementor-element-52e0ac7 elementor-invisible elementor-widget elementor-widget-heading\" data-id=\"52e0ac7\" data-element_type=\"widget\" data-e-type=\"widget\" data-settings=\"{&quot;_animation&quot;:&quot;fadeInUp&quot;,&quot;_animation_delay&quot;:200}\" data-widget_type=\"heading.default\">\n\t\t\t\t\t<h1 class=\"elementor-heading-title elementor-size-default\">Attivit\u00e0 benefit supportate<\/h1>\t\t\t\t<\/div>\n\t\t\t\t\t<\/div>\n\t\t\t\t<\/div>\n\t\t\t\t\t<\/div>\n\t\t\t\t<\/div>\n\t\t\t\t<\/div>\n\t\t\t\t<\/div>\n\t\t\t\t\t\t<\/div>\n\t\t\t\t<\/div>\n\t\t\t\t<\/div>\n\t\t<div class=\"elementor-element elementor-element-3ebf0ef e-flex e-con-boxed e-con e-parent\" data-id=\"3ebf0ef\" data-element_type=\"container\" data-e-type=\"container\" data-settings=\"{&quot;background_background&quot;:&quot;classic&quot;}\">\n\t\t\t\t\t<div class=\"e-con-inner\">\n\t\t<div class=\"elementor-element elementor-element-716dc14 e-con-full e-flex elementor-invisible e-con e-child\" data-id=\"716dc14\" data-element_type=\"container\" data-e-type=\"container\" data-settings=\"{&quot;animation&quot;:&quot;fadeInUp&quot;}\">\n\t\t\t\t<div class=\"elementor-element elementor-element-4f24e60 elementor-widget elementor-widget-heading\" data-id=\"4f24e60\" data-element_type=\"widget\" data-e-type=\"widget\" data-widget_type=\"heading.default\">\n\t\t\t\t\t<h2 class=\"elementor-heading-title elementor-size-default\">Un impegno concreto<\/h2>\t\t\t\t<\/div>\n\t\t\t\t<div class=\"elementor-element elementor-element-50efd4d elementor-widget elementor-widget-heading\" data-id=\"50efd4d\" data-element_type=\"widget\" data-e-type=\"widget\" data-widget_type=\"heading.default\">\n\t\t\t\t\t<h2 class=\"elementor-heading-title elementor-size-default\">orientato a standard pi\u00f9 elevati di scopo, responsabilit\u00e0 e trasparenza.<\/h2>\t\t\t\t<\/div>\n\t\t\t\t<div class=\"elementor-element elementor-element-171eae1 elementor-widget elementor-widget-text-editor\" data-id=\"171eae1\" data-element_type=\"widget\" data-e-type=\"widget\" data-widget_type=\"text-editor.default\">\n\t\t\t\t\t\t\t\t\t<p><strong>SCILLA \u00e8 Societ\u00e0 Benefit<\/strong>\u00a0(ai sensi della Legge di stabilit\u00e0 per l\u2019anno 2016, art. 1, commi da 376 a 384 \u2013 Legge 28 dicembre 2015, n.208) e il suo impegno \u00e8 chiaramente definito sin dalla fondazione, nello statuto sociale.<\/p>\t\t\t\t\t\t\t\t<\/div>\n\t\t\t\t<\/div>\n\t\t\t\t\t<\/div>\n\t\t\t\t<\/div>\n\t\t<div class=\"elementor-element elementor-element-048c3e9 e-con-full e-flex e-con e-parent\" data-id=\"048c3e9\" data-element_type=\"container\" data-e-type=\"container\">\n\t\t\t\t<div class=\"elementor-element elementor-element-fbc9fbc elementor-widget elementor-widget-template\" data-id=\"fbc9fbc\" data-element_type=\"widget\" data-e-type=\"widget\" data-widget_type=\"template.default\">\n\t\t\t\t<div class=\"elementor-widget-container\">\n\t\t\t\t\t\t\t<div class=\"elementor-template\">\n\t\t\t\t\t<div data-elementor-type=\"section\" data-elementor-id=\"4426\" class=\"elementor elementor-4426\" data-elementor-post-type=\"elementor_library\">\n\t\t\t<div class=\"elementor-element elementor-element-e51a199 e-flex e-con-boxed e-con e-parent\" data-id=\"e51a199\" data-element_type=\"container\" data-e-type=\"container\">\n\t\t\t\t\t<div class=\"e-con-inner\">\n\t\t<div class=\"elementor-element elementor-element-6da5071 e-con-full e-flex e-con e-child\" data-id=\"6da5071\" data-element_type=\"container\" data-e-type=\"container\">\n\t\t\t\t<div class=\"elementor-element elementor-element-4254b19 elementor-widget elementor-widget-heading\" data-id=\"4254b19\" data-element_type=\"widget\" data-e-type=\"widget\" data-widget_type=\"heading.default\">\n\t\t\t\t\t<h3 class=\"elementor-heading-title elementor-size-default\">Scopri le ultime attivit\u00e0<\/h3>\t\t\t\t<\/div>\n\t\t\t\t<div class=\"elementor-element elementor-element-997b116 elementor-grid-3 elementor-grid-tablet-2 elementor-grid-mobile-1 elementor-posts--thumbnail-top elementor-widget elementor-widget-posts\" data-id=\"997b116\" data-element_type=\"widget\" data-e-type=\"widget\" data-settings=\"{&quot;classic_row_gap&quot;:{&quot;unit&quot;:&quot;px&quot;,&quot;size&quot;:40,&quot;sizes&quot;:[]},&quot;pagination_type&quot;:&quot;numbers_and_prev_next&quot;,&quot;classic_columns&quot;:&quot;3&quot;,&quot;classic_columns_tablet&quot;:&quot;2&quot;,&quot;classic_columns_mobile&quot;:&quot;1&quot;,&quot;classic_row_gap_tablet&quot;:{&quot;unit&quot;:&quot;px&quot;,&quot;size&quot;:&quot;&quot;,&quot;sizes&quot;:[]},&quot;classic_row_gap_mobile&quot;:{&quot;unit&quot;:&quot;px&quot;,&quot;size&quot;:&quot;&quot;,&quot;sizes&quot;:[]}}\" data-widget_type=\"posts.classic\">\n\t\t\t\t<div class=\"elementor-widget-container\">\n\t\t\t\t\t\t\t<div class=\"elementor-posts-container elementor-posts elementor-posts--skin-classic elementor-grid\" role=\"list\">\n\t\t\t\t<article class=\"elementor-post elementor-grid-item post-3173 post type-post status-publish format-standard has-post-thumbnail hentry category-societa-benefit-attivita\" role=\"listitem\">\n\t\t\t\t<a class=\"elementor-post__thumbnail__link\" href=\"https:\/\/scillasb.com\/en\/ffc-ricerca\/\" tabindex=\"-1\" >\n\t\t\t<div class=\"elementor-post__thumbnail\"><img decoding=\"async\" width=\"300\" height=\"85\" src=\"https:\/\/scillasb.com\/wp-content\/uploads\/2024\/01\/OIP-3-300x85.jpg\" class=\"attachment-medium size-medium wp-image-3176\" alt=\"\" srcset=\"https:\/\/scillasb.com\/wp-content\/uploads\/2024\/01\/OIP-3-300x85.jpg 300w, https:\/\/scillasb.com\/wp-content\/uploads\/2024\/01\/OIP-3-200x57.jpg 200w, https:\/\/scillasb.com\/wp-content\/uploads\/2024\/01\/OIP-3-400x114.jpg 400w, https:\/\/scillasb.com\/wp-content\/uploads\/2024\/01\/OIP-3.jpg 474w\" sizes=\"(max-width: 300px) 100vw, 300px\" \/><\/div>\n\t\t<\/a>\n\t\t\t\t<div class=\"elementor-post__text\">\n\t\t\t\t<h3 class=\"elementor-post__title\">\n\t\t\t<a href=\"https:\/\/scillasb.com\/en\/ffc-ricerca\/\" >\n\t\t\t\tScilla Srl SB e FFC insieme per la ricerca\t\t\t<\/a>\n\t\t<\/h3>\n\t\t\t\t<div class=\"elementor-post__meta-data\">\n\t\t\t\t\t<span class=\"elementor-post-date\">\n\t\t\t4 January 2024\t\t<\/span>\n\t\t\t\t<\/div>\n\t\t\n\t\t<a class=\"elementor-post__read-more\" href=\"https:\/\/scillasb.com\/en\/ffc-ricerca\/\" aria-label=\"Read more about Scilla Srl SB e FFC insieme per la ricerca\" tabindex=\"-1\" >\n\t\t\tLeggi Tutto \u00bb\t\t<\/a>\n\n\t\t\t\t<\/div>\n\t\t\t\t<\/article>\n\t\t\t\t<article class=\"elementor-post elementor-grid-item post-3152 post type-post status-publish format-standard has-post-thumbnail hentry category-societa-benefit-attivita\" role=\"listitem\">\n\t\t\t\t<a class=\"elementor-post__thumbnail__link\" href=\"https:\/\/scillasb.com\/en\/irfa-progettolavoro\/\" tabindex=\"-1\" >\n\t\t\t<div class=\"elementor-post__thumbnail\"><img decoding=\"async\" width=\"300\" height=\"139\" src=\"https:\/\/scillasb.com\/wp-content\/uploads\/2024\/01\/Locandina-Corsi-IRFA-2023-generica_5-2_page-0001-323-300x139.jpg\" class=\"attachment-medium size-medium wp-image-3159\" alt=\"\" srcset=\"https:\/\/scillasb.com\/wp-content\/uploads\/2024\/01\/Locandina-Corsi-IRFA-2023-generica_5-2_page-0001-323-300x139.jpg 300w, https:\/\/scillasb.com\/wp-content\/uploads\/2024\/01\/Locandina-Corsi-IRFA-2023-generica_5-2_page-0001-323-scaled-500x231.jpg 500w, https:\/\/scillasb.com\/wp-content\/uploads\/2024\/01\/Locandina-Corsi-IRFA-2023-generica_5-2_page-0001-323-scaled-700x324.jpg 700w, https:\/\/scillasb.com\/wp-content\/uploads\/2024\/01\/Locandina-Corsi-IRFA-2023-generica_5-2_page-0001-323-1024x474.jpg 1024w, https:\/\/scillasb.com\/wp-content\/uploads\/2024\/01\/Locandina-Corsi-IRFA-2023-generica_5-2_page-0001-323-768x356.jpg 768w, https:\/\/scillasb.com\/wp-content\/uploads\/2024\/01\/Locandina-Corsi-IRFA-2023-generica_5-2_page-0001-323-1536x711.jpg 1536w, https:\/\/scillasb.com\/wp-content\/uploads\/2024\/01\/Locandina-Corsi-IRFA-2023-generica_5-2_page-0001-323-2048x948.jpg 2048w, https:\/\/scillasb.com\/wp-content\/uploads\/2024\/01\/Locandina-Corsi-IRFA-2023-generica_5-2_page-0001-323-200x93.jpg 200w, https:\/\/scillasb.com\/wp-content\/uploads\/2024\/01\/Locandina-Corsi-IRFA-2023-generica_5-2_page-0001-323-400x185.jpg 400w, https:\/\/scillasb.com\/wp-content\/uploads\/2024\/01\/Locandina-Corsi-IRFA-2023-generica_5-2_page-0001-323-600x278.jpg 600w, https:\/\/scillasb.com\/wp-content\/uploads\/2024\/01\/Locandina-Corsi-IRFA-2023-generica_5-2_page-0001-323-800x370.jpg 800w, https:\/\/scillasb.com\/wp-content\/uploads\/2024\/01\/Locandina-Corsi-IRFA-2023-generica_5-2_page-0001-323-1200x556.jpg 1200w\" sizes=\"(max-width: 300px) 100vw, 300px\" \/><\/div>\n\t\t<\/a>\n\t\t\t\t<div class=\"elementor-post__text\">\n\t\t\t\t<h3 class=\"elementor-post__title\">\n\t\t\t<a href=\"https:\/\/scillasb.com\/en\/irfa-progettolavoro\/\" >\n\t\t\t\tIRFA-Progetto formazione lavoro\t\t\t<\/a>\n\t\t<\/h3>\n\t\t\t\t<div class=\"elementor-post__meta-data\">\n\t\t\t\t\t<span class=\"elementor-post-date\">\n\t\t\t4 January 2024\t\t<\/span>\n\t\t\t\t<\/div>\n\t\t\n\t\t<a class=\"elementor-post__read-more\" href=\"https:\/\/scillasb.com\/en\/irfa-progettolavoro\/\" aria-label=\"Read more about IRFA-Progetto formazione lavoro\" tabindex=\"-1\" >\n\t\t\tLeggi Tutto \u00bb\t\t<\/a>\n\n\t\t\t\t<\/div>\n\t\t\t\t<\/article>\n\t\t\t\t<article class=\"elementor-post elementor-grid-item post-3035 post type-post status-publish format-standard has-post-thumbnail hentry category-societa-benefit-attivita\" role=\"listitem\">\n\t\t\t\t<a class=\"elementor-post__thumbnail__link\" href=\"https:\/\/scillasb.com\/en\/downtown-basket-asd-slamsports\/\" tabindex=\"-1\" >\n\t\t\t<div class=\"elementor-post__thumbnail\"><img decoding=\"async\" width=\"300\" height=\"104\" src=\"https:\/\/scillasb.com\/wp-content\/uploads\/2023\/10\/WhatsApp-Image-2023-10-25-at-12.08.38-1-e1698229243811-300x104.jpeg\" class=\"attachment-medium size-medium wp-image-3038\" alt=\"\" srcset=\"https:\/\/scillasb.com\/wp-content\/uploads\/2023\/10\/WhatsApp-Image-2023-10-25-at-12.08.38-1-e1698229243811-300x104.jpeg 300w, https:\/\/scillasb.com\/wp-content\/uploads\/2023\/10\/WhatsApp-Image-2023-10-25-at-12.08.38-1-e1698229243811-500x173.jpeg 500w, https:\/\/scillasb.com\/wp-content\/uploads\/2023\/10\/WhatsApp-Image-2023-10-25-at-12.08.38-1-e1698229243811-700x243.jpeg 700w, https:\/\/scillasb.com\/wp-content\/uploads\/2023\/10\/WhatsApp-Image-2023-10-25-at-12.08.38-1-e1698229243811-768x266.jpeg 768w, https:\/\/scillasb.com\/wp-content\/uploads\/2023\/10\/WhatsApp-Image-2023-10-25-at-12.08.38-1-e1698229243811-200x69.jpeg 200w, https:\/\/scillasb.com\/wp-content\/uploads\/2023\/10\/WhatsApp-Image-2023-10-25-at-12.08.38-1-e1698229243811-400x139.jpeg 400w, https:\/\/scillasb.com\/wp-content\/uploads\/2023\/10\/WhatsApp-Image-2023-10-25-at-12.08.38-1-e1698229243811-600x208.jpeg 600w, https:\/\/scillasb.com\/wp-content\/uploads\/2023\/10\/WhatsApp-Image-2023-10-25-at-12.08.38-1-e1698229243811-800x277.jpeg 800w, https:\/\/scillasb.com\/wp-content\/uploads\/2023\/10\/WhatsApp-Image-2023-10-25-at-12.08.38-1-e1698229243811.jpeg 825w\" sizes=\"(max-width: 300px) 100vw, 300px\" \/><\/div>\n\t\t<\/a>\n\t\t\t\t<div class=\"elementor-post__text\">\n\t\t\t\t<h3 class=\"elementor-post__title\">\n\t\t\t<a href=\"https:\/\/scillasb.com\/en\/downtown-basket-asd-slamsports\/\" >\n\t\t\t\tDOWNTOWN BASKET &#8211; ASD SLAMSPORTS\t\t\t<\/a>\n\t\t<\/h3>\n\t\t\t\t<div class=\"elementor-post__meta-data\">\n\t\t\t\t\t<span class=\"elementor-post-date\">\n\t\t\t25 October 2023\t\t<\/span>\n\t\t\t\t<\/div>\n\t\t\n\t\t<a class=\"elementor-post__read-more\" href=\"https:\/\/scillasb.com\/en\/downtown-basket-asd-slamsports\/\" aria-label=\"Read more about DOWNTOWN BASKET &#8211; ASD SLAMSPORTS\" tabindex=\"-1\" >\n\t\t\tLeggi Tutto \u00bb\t\t<\/a>\n\n\t\t\t\t<\/div>\n\t\t\t\t<\/article>\n\t\t\t\t<article class=\"elementor-post elementor-grid-item post-3024 post type-post status-publish format-standard has-post-thumbnail hentry category-societa-benefit-attivita\" role=\"listitem\">\n\t\t\t\t<a class=\"elementor-post__thumbnail__link\" href=\"https:\/\/scillasb.com\/en\/3024\/\" tabindex=\"-1\" >\n\t\t\t<div class=\"elementor-post__thumbnail\"><img loading=\"lazy\" decoding=\"async\" width=\"300\" height=\"157\" src=\"https:\/\/scillasb.com\/wp-content\/uploads\/2024\/01\/OIP-4-300x157.jpg\" class=\"attachment-medium size-medium wp-image-3193\" alt=\"\" srcset=\"https:\/\/scillasb.com\/wp-content\/uploads\/2024\/01\/OIP-4-300x157.jpg 300w, https:\/\/scillasb.com\/wp-content\/uploads\/2024\/01\/OIP-4-200x105.jpg 200w, https:\/\/scillasb.com\/wp-content\/uploads\/2024\/01\/OIP-4-400x209.jpg 400w, https:\/\/scillasb.com\/wp-content\/uploads\/2024\/01\/OIP-4.jpg 474w\" sizes=\"(max-width: 300px) 100vw, 300px\" \/><\/div>\n\t\t<\/a>\n\t\t\t\t<div class=\"elementor-post__text\">\n\t\t\t\t<h3 class=\"elementor-post__title\">\n\t\t\t<a href=\"https:\/\/scillasb.com\/en\/3024\/\" >\n\t\t\t\tTREEDOM \u2013 PIANTA UN ALBERO\t\t\t<\/a>\n\t\t<\/h3>\n\t\t\t\t<div class=\"elementor-post__meta-data\">\n\t\t\t\t\t<span class=\"elementor-post-date\">\n\t\t\t25 October 2023\t\t<\/span>\n\t\t\t\t<\/div>\n\t\t\n\t\t<a class=\"elementor-post__read-more\" href=\"https:\/\/scillasb.com\/en\/3024\/\" aria-label=\"Read more about TREEDOM \u2013 PIANTA UN ALBERO\" tabindex=\"-1\" >\n\t\t\tLeggi Tutto \u00bb\t\t<\/a>\n\n\t\t\t\t<\/div>\n\t\t\t\t<\/article>\n\t\t\t\t<article class=\"elementor-post elementor-grid-item post-2620 post type-post status-publish format-standard has-post-thumbnail hentry category-societa-benefit-attivita\" role=\"listitem\">\n\t\t\t\t<a class=\"elementor-post__thumbnail__link\" href=\"https:\/\/scillasb.com\/en\/fondazione-per-la-ricerca-sulla-fibrosi-cistica\/\" tabindex=\"-1\" >\n\t\t\t<div class=\"elementor-post__thumbnail\"><img loading=\"lazy\" decoding=\"async\" width=\"300\" height=\"141\" src=\"https:\/\/scillasb.com\/wp-content\/uploads\/2023\/01\/Banner-straverona-2022-1920x900px-300x141.jpg\" class=\"attachment-medium size-medium wp-image-2628\" alt=\"\" srcset=\"https:\/\/scillasb.com\/wp-content\/uploads\/2023\/01\/Banner-straverona-2022-1920x900px-300x141.jpg 300w, https:\/\/scillasb.com\/wp-content\/uploads\/2023\/01\/Banner-straverona-2022-1920x900px-500x234.jpg 500w, https:\/\/scillasb.com\/wp-content\/uploads\/2023\/01\/Banner-straverona-2022-1920x900px-700x328.jpg 700w, https:\/\/scillasb.com\/wp-content\/uploads\/2023\/01\/Banner-straverona-2022-1920x900px-1024x480.jpg 1024w, https:\/\/scillasb.com\/wp-content\/uploads\/2023\/01\/Banner-straverona-2022-1920x900px-768x360.jpg 768w, https:\/\/scillasb.com\/wp-content\/uploads\/2023\/01\/Banner-straverona-2022-1920x900px-1536x720.jpg 1536w, https:\/\/scillasb.com\/wp-content\/uploads\/2023\/01\/Banner-straverona-2022-1920x900px-200x94.jpg 200w, https:\/\/scillasb.com\/wp-content\/uploads\/2023\/01\/Banner-straverona-2022-1920x900px-400x188.jpg 400w, https:\/\/scillasb.com\/wp-content\/uploads\/2023\/01\/Banner-straverona-2022-1920x900px-600x281.jpg 600w, https:\/\/scillasb.com\/wp-content\/uploads\/2023\/01\/Banner-straverona-2022-1920x900px-800x375.jpg 800w, https:\/\/scillasb.com\/wp-content\/uploads\/2023\/01\/Banner-straverona-2022-1920x900px-1200x563.jpg 1200w, https:\/\/scillasb.com\/wp-content\/uploads\/2023\/01\/Banner-straverona-2022-1920x900px.jpg 1920w\" sizes=\"(max-width: 300px) 100vw, 300px\" \/><\/div>\n\t\t<\/a>\n\t\t\t\t<div class=\"elementor-post__text\">\n\t\t\t\t<h3 class=\"elementor-post__title\">\n\t\t\t<a href=\"https:\/\/scillasb.com\/en\/fondazione-per-la-ricerca-sulla-fibrosi-cistica\/\" >\n\t\t\t\tFondazione per la Ricerca sulla Fibrosi Cistica\t\t\t<\/a>\n\t\t<\/h3>\n\t\t\t\t<div class=\"elementor-post__meta-data\">\n\t\t\t\t\t<span class=\"elementor-post-date\">\n\t\t\t30 January 2023\t\t<\/span>\n\t\t\t\t<\/div>\n\t\t\n\t\t<a class=\"elementor-post__read-more\" href=\"https:\/\/scillasb.com\/en\/fondazione-per-la-ricerca-sulla-fibrosi-cistica\/\" aria-label=\"Read more about Fondazione per la Ricerca sulla Fibrosi Cistica\" tabindex=\"-1\" >\n\t\t\tLeggi Tutto \u00bb\t\t<\/a>\n\n\t\t\t\t<\/div>\n\t\t\t\t<\/article>\n\t\t\t\t<article class=\"elementor-post elementor-grid-item post-1206 post type-post status-publish format-standard has-post-thumbnail hentry category-societa-benefit-attivita\" role=\"listitem\">\n\t\t\t\t<a class=\"elementor-post__thumbnail__link\" href=\"https:\/\/scillasb.com\/en\/supportiamo-gruppo-abruzzese-linfomi\/\" tabindex=\"-1\" >\n\t\t\t<div class=\"elementor-post__thumbnail\"><img loading=\"lazy\" decoding=\"async\" width=\"300\" height=\"176\" src=\"https:\/\/scillasb.com\/wp-content\/uploads\/2021\/11\/rsz_gal-gruppo-abruzzese-linfomi-ets-odv-600x600-1-300x176.jpg\" class=\"attachment-medium size-medium wp-image-1517\" alt=\"\" srcset=\"https:\/\/scillasb.com\/wp-content\/uploads\/2021\/11\/rsz_gal-gruppo-abruzzese-linfomi-ets-odv-600x600-1-300x176.jpg 300w, https:\/\/scillasb.com\/wp-content\/uploads\/2021\/11\/rsz_gal-gruppo-abruzzese-linfomi-ets-odv-600x600-1-500x293.jpg 500w, https:\/\/scillasb.com\/wp-content\/uploads\/2021\/11\/rsz_gal-gruppo-abruzzese-linfomi-ets-odv-600x600-1-200x117.jpg 200w, https:\/\/scillasb.com\/wp-content\/uploads\/2021\/11\/rsz_gal-gruppo-abruzzese-linfomi-ets-odv-600x600-1-400x235.jpg 400w, https:\/\/scillasb.com\/wp-content\/uploads\/2021\/11\/rsz_gal-gruppo-abruzzese-linfomi-ets-odv-600x600-1.jpg 600w\" sizes=\"(max-width: 300px) 100vw, 300px\" \/><\/div>\n\t\t<\/a>\n\t\t\t\t<div class=\"elementor-post__text\">\n\t\t\t\t<h3 class=\"elementor-post__title\">\n\t\t\t<a href=\"https:\/\/scillasb.com\/en\/supportiamo-gruppo-abruzzese-linfomi\/\" >\n\t\t\t\tASSOCIAZIONE GAL &#8211; GRUPPO ABRUZZESE LINFOMI ETS-ODV\t\t\t<\/a>\n\t\t<\/h3>\n\t\t\t\t<div class=\"elementor-post__meta-data\">\n\t\t\t\t\t<span class=\"elementor-post-date\">\n\t\t\t6 November 2021\t\t<\/span>\n\t\t\t\t<\/div>\n\t\t\n\t\t<a class=\"elementor-post__read-more\" href=\"https:\/\/scillasb.com\/en\/supportiamo-gruppo-abruzzese-linfomi\/\" aria-label=\"Read more about ASSOCIAZIONE GAL &#8211; GRUPPO ABRUZZESE LINFOMI ETS-ODV\" tabindex=\"-1\" >\n\t\t\tLeggi Tutto \u00bb\t\t<\/a>\n\n\t\t\t\t<\/div>\n\t\t\t\t<\/article>\n\t\t\t\t<\/div>\n\t\t\n\t\t\t\t<div class=\"e-load-more-anchor\" data-page=\"1\" data-max-page=\"2\" data-next-page=\"https:\/\/scillasb.com\/en\/wp-json\/wp\/v2\/pages\/1158\/page\/2\/\"><\/div>\n\t\t\t\t<nav class=\"elementor-pagination\" aria-label=\"Pagination\">\n\t\t\t<span class=\"page-numbers prev\">&laquo; Precedente<\/span>\n<span aria-current=\"page\" class=\"page-numbers current\"><span class=\"elementor-screen-only\">Page<\/span>1<\/span>\n<a class=\"page-numbers\" href=\"https:\/\/scillasb.com\/en\/wp-json\/wp\/v2\/pages\/1158\/page\/2\/\"><span class=\"elementor-screen-only\">Page<\/span>2<\/a>\n<a class=\"page-numbers next\" href=\"https:\/\/scillasb.com\/en\/wp-json\/wp\/v2\/pages\/1158\/page\/2\/\">Successivo &raquo;<\/a>\t\t<\/nav>\n\t\t\t\t\t\t<\/div>\n\t\t\t\t<\/div>\n\t\t\t\t<\/div>\n\t\t\t\t\t<\/div>\n\t\t\t\t<\/div>\n\t\t\t\t<\/div>\n\t\t\t\t<\/div>\n\t\t\t\t\t\t<\/div>\n\t\t\t\t<\/div>\n\t\t\t\t<\/div>\n\t\t\t\t<\/div>","protected":false},"excerpt":{"rendered":"<p>Un impegno concreto orientato a standard pi\u00f9 elevati di scopo, responsabilit\u00e0 e trasparenza. SCILLA \u00e8 Societ\u00e0 Benefit\u00a0(ai sensi della Legge<\/p>","protected":false},"author":1,"featured_media":3688,"parent":25,"menu_order":1,"comment_status":"closed","ping_status":"closed","template":"","meta":{"_acf_changed":false,"footnotes":""},"class_list":["post-1158","page","type-page","status-publish","has-post-thumbnail","hentry"],"acf":[],"meta_box":[],"_links":{"self":[{"href":"https:\/\/scillasb.com\/en\/wp-json\/wp\/v2\/pages\/1158","targetHints":{"allow":["GET"]}}],"collection":[{"href":"https:\/\/scillasb.com\/en\/wp-json\/wp\/v2\/pages"}],"about":[{"href":"https:\/\/scillasb.com\/en\/wp-json\/wp\/v2\/types\/page"}],"author":[{"embeddable":true,"href":"https:\/\/scillasb.com\/en\/wp-json\/wp\/v2\/users\/1"}],"replies":[{"embeddable":true,"href":"https:\/\/scillasb.com\/en\/wp-json\/wp\/v2\/comments?post=1158"}],"version-history":[{"count":27,"href":"https:\/\/scillasb.com\/en\/wp-json\/wp\/v2\/pages\/1158\/revisions"}],"predecessor-version":[{"id":5056,"href":"https:\/\/scillasb.com\/en\/wp-json\/wp\/v2\/pages\/1158\/revisions\/5056"}],"up":[{"embeddable":true,"href":"https:\/\/scillasb.com\/en\/wp-json\/wp\/v2\/pages\/25"}],"wp:featuredmedia":[{"embeddable":true,"href":"https:\/\/scillasb.com\/en\/wp-json\/wp\/v2\/media\/3688"}],"wp:attachment":[{"href":"https:\/\/scillasb.com\/en\/wp-json\/wp\/v2\/media?parent=1158"}],"curies":[{"name":"wp","href":"https:\/\/api.w.org\/{rel}","templated":true}]}}