{"id":5783,"date":"2025-06-25T14:52:01","date_gmt":"2025-06-25T12:52:01","guid":{"rendered":"https:\/\/scillasb.com\/?page_id=5783"},"modified":"2025-10-31T12:04:04","modified_gmt":"2025-10-31T11:04:04","slug":"impresa-rosa","status":"publish","type":"page","link":"https:\/\/scillasb.com\/en\/impresa-rosa\/","title":{"rendered":"Impresa Rosa"},"content":{"rendered":"<div data-elementor-type=\"wp-page\" data-elementor-id=\"5783\" class=\"elementor elementor-5783\" data-elementor-post-type=\"page\">\n\t\t\t\t<div class=\"elementor-element elementor-element-78f853f e-con-full e-flex e-con e-parent\" data-id=\"78f853f\" data-element_type=\"container\" data-e-type=\"container\">\n\t\t\t\t<div class=\"elementor-element elementor-element-48c6a86 elementor-widget elementor-widget-template\" data-id=\"48c6a86\" data-element_type=\"widget\" data-e-type=\"widget\" data-widget_type=\"template.default\">\n\t\t\t\t<div class=\"elementor-widget-container\">\n\t\t\t\t\t\t\t<div class=\"elementor-template\">\n\t\t\t\t\t<div data-elementor-type=\"section\" data-elementor-id=\"3820\" class=\"elementor elementor-3820\" data-elementor-post-type=\"elementor_library\">\n\t\t\t<div class=\"elementor-element elementor-element-45a3290 e-flex e-con-boxed e-con e-parent\" data-id=\"45a3290\" data-element_type=\"container\" data-e-type=\"container\" data-settings=\"{&quot;background_background&quot;:&quot;classic&quot;}\">\n\t\t\t\t\t<div class=\"e-con-inner\">\n\t\t<div class=\"elementor-element elementor-element-2a5f51f e-flex e-con-boxed e-con e-child\" data-id=\"2a5f51f\" data-element_type=\"container\" data-e-type=\"container\">\n\t\t\t\t\t<div class=\"e-con-inner\">\n\t\t\t\t<div class=\"elementor-element elementor-element-52e0ac7 elementor-invisible elementor-widget elementor-widget-heading\" data-id=\"52e0ac7\" data-element_type=\"widget\" data-e-type=\"widget\" data-settings=\"{&quot;_animation&quot;:&quot;fadeInUp&quot;,&quot;_animation_delay&quot;:200}\" data-widget_type=\"heading.default\">\n\t\t\t\t\t<h1 class=\"elementor-heading-title elementor-size-default\">Impresa Rosa<\/h1>\t\t\t\t<\/div>\n\t\t\t\t\t<\/div>\n\t\t\t\t<\/div>\n\t\t\t\t\t<\/div>\n\t\t\t\t<\/div>\n\t\t\t\t<\/div>\n\t\t\t\t<\/div>\n\t\t\t\t\t\t<\/div>\n\t\t\t\t<\/div>\n\t\t\t\t<\/div>\n\t\t<div class=\"elementor-element elementor-element-e4b824c e-flex e-con-boxed e-con e-parent\" data-id=\"e4b824c\" data-element_type=\"container\" data-e-type=\"container\" data-settings=\"{&quot;background_background&quot;:&quot;classic&quot;}\">\n\t\t\t\t\t<div class=\"e-con-inner\">\n\t\t<div class=\"elementor-element elementor-element-1c3e526 e-con-full e-flex elementor-invisible e-con e-child\" data-id=\"1c3e526\" data-element_type=\"container\" data-e-type=\"container\" data-settings=\"{&quot;animation&quot;:&quot;fadeInUp&quot;}\">\n\t\t\t\t<div class=\"elementor-element elementor-element-09d0d7e elementor-widget elementor-widget-heading\" data-id=\"09d0d7e\" data-element_type=\"widget\" data-e-type=\"widget\" data-widget_type=\"heading.default\">\n\t\t\t\t\t<h2 class=\"elementor-heading-title elementor-size-default\">Riconoscimento ufficiale di Impresa Rosa <\/h2>\t\t\t\t<\/div>\n\t\t\t\t<div class=\"elementor-element elementor-element-1b25341 elementor-widget elementor-widget-heading\" data-id=\"1b25341\" data-element_type=\"widget\" data-e-type=\"widget\" data-widget_type=\"heading.default\">\n\t\t\t\t\t<h2 class=\"elementor-heading-title elementor-size-default\">Parit\u00e0 di genere e di tutela delle diversit\u00e0.<\/h2>\t\t\t\t<\/div>\n\t\t\t\t<div class=\"elementor-element elementor-element-42b30aa elementor-widget elementor-widget-text-editor\" data-id=\"42b30aa\" data-element_type=\"widget\" data-e-type=\"widget\" data-widget_type=\"text-editor.default\">\n\t\t\t\t\t\t\t\t\t<p><strong>SCILLA Societ\u00e0 Benefit<\/strong>\u00a0\u00e8 ufficialmente un\u2019Impresa Rosa riconosciuta dalla <strong>Regione Lazio, <\/strong>da sempre attenti a promuovere un ambiente lavorativo inclusivo e rispettoso.<\/p>\t\t\t\t\t\t\t\t<\/div>\n\t\t\t\t<\/div>\n\t\t\t\t\t<\/div>\n\t\t\t\t<\/div>\n\t\t<div class=\"elementor-element elementor-element-3df298b e-flex e-con-boxed e-con e-parent\" data-id=\"3df298b\" data-element_type=\"container\" data-e-type=\"container\">\n\t\t\t\t\t<div class=\"e-con-inner\">\n\t\t<div class=\"elementor-element elementor-element-0f3debc e-con-full e-flex e-con e-child\" data-id=\"0f3debc\" data-element_type=\"container\" data-e-type=\"container\" data-settings=\"{&quot;background_background&quot;:&quot;classic&quot;}\">\n\t\t\t\t<div class=\"elementor-element elementor-element-ca9c29e elementor-widget elementor-widget-text-editor\" data-id=\"ca9c29e\" data-element_type=\"widget\" data-e-type=\"widget\" data-widget_type=\"text-editor.default\">\n\t\t\t\t\t\t\t\t\t<p>Con orgoglio annunciamo che SCILLA ha ottenuto il <b>riconoscimento ufficiale di Impresa Rosa<\/b> da parte della <b>Regione Lazio<\/b>, a seguito della <b>certificazione per la Parit\u00e0 di Genere UNI\/PdR 125:2022<\/b>.<\/p><p>Un risultato che non rappresenta solo un traguardo formale, ma una conferma del nostro <strong>impegno concreto<\/strong> per l\u2019equit\u00e0, l\u2019inclusione e la <strong>valorizzazione delle competenze femminili<\/strong> all\u2019interno della nostra realt\u00e0 aziendale.<\/p>\t\t\t\t\t\t\t\t<\/div>\n\t\t\t\t<div class=\"elementor-element elementor-element-4ce42d3 elementor-widget elementor-widget-text-editor\" data-id=\"4ce42d3\" data-element_type=\"widget\" data-e-type=\"widget\" data-widget_type=\"text-editor.default\">\n\t\t\t\t\t\t\t\t\t<p><strong>Cosa significa essere un\u2019Impresa Rosa<\/strong><\/p><p>Il riconoscimento di \u201cImpresa Rosa\u201d premia le aziende che:<\/p><ul><li><b>Promuovono l\u2019uguaglianza di genere<\/b> in ogni ambito aziendale;<\/li><li><b>Favoriscono l\u2019accesso delle donne a ruoli di responsabilit\u00e0<\/b> e crescita professionale;<\/li><li><strong>Adottano politiche inclusive<\/strong>, strumenti di conciliazione vita-lavoro e processi di selezione trasparenti;<\/li><li><strong>Contribuiscono<\/strong> attivamente <strong>a costruire un ambiente di lavoro equo<\/strong> e rispettoso delle diversit\u00e0.<\/li><\/ul>\t\t\t\t\t\t\t\t<\/div>\n\t\t\t\t<div class=\"elementor-element elementor-element-d3f2ee9 elementor-widget elementor-widget-text-editor\" data-id=\"d3f2ee9\" data-element_type=\"widget\" data-e-type=\"widget\" data-widget_type=\"text-editor.default\">\n\t\t\t\t\t\t\t\t\t<p><strong>Perch\u00e9 lo abbiamo fatto<\/strong><\/p><p>Da sempre, in SCILLA, crediamo che la sostenibilit\u00e0 non possa prescindere dalla <strong>giustizia sociale<\/strong>.<br \/><br \/>La certificazione per la parit\u00e0 di genere e il successivo riconoscimento regionale sono il frutto di un percorso volontario, coerente con la nostra identit\u00e0 di <b>societ\u00e0 benefit<\/b>, che integra valori etici e obiettivi di impatto positivo nelle scelte aziendali quotidiane.<\/p><p><b>Un passo avanti, per tutte e tutti<\/b><br \/>Essere riconosciuti come <b>Impresa Rosa<\/b> \u00e8 una responsabilit\u00e0 oltre che un onore.<br \/>Continueremo a impegnarci per garantire pari opportunit\u00e0, supportare la leadership femminile e contribuire alla diffusione di una cultura del lavoro pi\u00f9 giusta, rispettosa e inclusiva.<\/p>\t\t\t\t\t\t\t\t<\/div>\n\t\t\t\t<\/div>\n\t\t<div class=\"elementor-element elementor-element-e1213c8 e-con-full e-flex e-con e-child\" data-id=\"e1213c8\" data-element_type=\"container\" data-e-type=\"container\" data-settings=\"{&quot;background_background&quot;:&quot;classic&quot;}\">\n\t\t\t\t<div class=\"elementor-element elementor-element-b5fc65f elementor-widget elementor-widget-image\" data-id=\"b5fc65f\" data-element_type=\"widget\" data-e-type=\"widget\" data-widget_type=\"image.default\">\n\t\t\t\t\t\t\t\t\t\t\t\t\t\t\t\t<a href=\"https:\/\/scillasb.com\/wp-content\/uploads\/2025\/04\/PC-22008-PDR-125-Certificato-del-31-03-2025.pdf\" target=\"_blank\">\n\t\t\t\t\t\t\t<img fetchpriority=\"high\" decoding=\"async\" width=\"800\" height=\"651\" src=\"https:\/\/scillasb.com\/wp-content\/uploads\/2025\/06\/LOGO_IMPRESA_ROSA_COL-1024x833.png\" class=\"attachment-large size-large wp-image-5785\" alt=\"\" srcset=\"https:\/\/scillasb.com\/wp-content\/uploads\/2025\/06\/LOGO_IMPRESA_ROSA_COL-1024x833.png 1024w, https:\/\/scillasb.com\/wp-content\/uploads\/2025\/06\/LOGO_IMPRESA_ROSA_COL-300x244.png 300w, https:\/\/scillasb.com\/wp-content\/uploads\/2025\/06\/LOGO_IMPRESA_ROSA_COL-768x624.png 768w, https:\/\/scillasb.com\/wp-content\/uploads\/2025\/06\/LOGO_IMPRESA_ROSA_COL-1536x1249.png 1536w, https:\/\/scillasb.com\/wp-content\/uploads\/2025\/06\/LOGO_IMPRESA_ROSA_COL-15x12.png 15w, https:\/\/scillasb.com\/wp-content\/uploads\/2025\/06\/LOGO_IMPRESA_ROSA_COL-500x407.png 500w, https:\/\/scillasb.com\/wp-content\/uploads\/2025\/06\/LOGO_IMPRESA_ROSA_COL-700x569.png 700w, https:\/\/scillasb.com\/wp-content\/uploads\/2025\/06\/LOGO_IMPRESA_ROSA_COL.png 1600w\" sizes=\"(max-width: 800px) 100vw, 800px\" \/>\t\t\t\t\t\t\t\t<\/a>\n\t\t\t\t\t\t\t\t\t\t\t\t\t\t\t<\/div>\n\t\t\t\t<\/div>\n\t\t\t\t\t<\/div>\n\t\t\t\t<\/div>\n\t\t\t\t<\/div>","protected":false},"excerpt":{"rendered":"<p>Riconoscimento ufficiale di Impresa Rosa Parit\u00e0 di genere e di tutela delle diversit\u00e0. SCILLA Societ\u00e0 Benefit\u00a0\u00e8 ufficialmente un\u2019Impresa Rosa riconosciuta dalla Regione Lazio, da sempre attenti a promuovere un ambiente lavorativo inclusivo e rispettoso. Con orgoglio annunciamo che SCILLA ha ottenuto il riconoscimento ufficiale di Impresa Rosa da parte della Regione Lazio, a seguito della [&hellip;]<\/p>\n","protected":false},"author":1,"featured_media":3688,"parent":0,"menu_order":0,"comment_status":"closed","ping_status":"closed","template":"","meta":{"_acf_changed":false,"footnotes":""},"class_list":["post-5783","page","type-page","status-publish","has-post-thumbnail","hentry"],"acf":[],"meta_box":[],"_links":{"self":[{"href":"https:\/\/scillasb.com\/en\/wp-json\/wp\/v2\/pages\/5783","targetHints":{"allow":["GET"]}}],"collection":[{"href":"https:\/\/scillasb.com\/en\/wp-json\/wp\/v2\/pages"}],"about":[{"href":"https:\/\/scillasb.com\/en\/wp-json\/wp\/v2\/types\/page"}],"author":[{"embeddable":true,"href":"https:\/\/scillasb.com\/en\/wp-json\/wp\/v2\/users\/1"}],"replies":[{"embeddable":true,"href":"https:\/\/scillasb.com\/en\/wp-json\/wp\/v2\/comments?post=5783"}],"version-history":[{"count":4,"href":"https:\/\/scillasb.com\/en\/wp-json\/wp\/v2\/pages\/5783\/revisions"}],"predecessor-version":[{"id":5789,"href":"https:\/\/scillasb.com\/en\/wp-json\/wp\/v2\/pages\/5783\/revisions\/5789"}],"wp:featuredmedia":[{"embeddable":true,"href":"https:\/\/scillasb.com\/en\/wp-json\/wp\/v2\/media\/3688"}],"wp:attachment":[{"href":"https:\/\/scillasb.com\/en\/wp-json\/wp\/v2\/media?parent=5783"}],"curies":[{"name":"wp","href":"https:\/\/api.w.org\/{rel}","templated":true}]}}