{"id":5294,"date":"2025-04-28T12:56:55","date_gmt":"2025-04-28T10:56:55","guid":{"rendered":"https:\/\/dev.scillasb.com\/?post_type=product&#038;p=5294"},"modified":"2025-05-27T12:34:10","modified_gmt":"2025-05-27T10:34:10","slug":"formazione-rischi-specifici-rischio-movimentazione-manuale-dei-carichi","status":"publish","type":"product","link":"https:\/\/scillasb.com\/en\/product\/formazione-rischi-specifici-rischio-movimentazione-manuale-dei-carichi\/","title":{"rendered":"Formazione rischi specifici- Rischio movimentazione manuale dei carichi"},"content":{"rendered":"<h4>PROGRAMMA DEL CORSO<\/h4>\n<ul>\n<li>Definizione rischio da MMC, attivit\u00e0 soggette al rischio, fattori di rischio, caratteristiche del carico: peso, presa dell\u2019oggetto, distanza orizzontale, altezza, torsione del tronco;<\/li>\n<li>Sforzo fisico richiesto, caratteristiche dell\u2019ambiente di lavoro, esigenze connesse all\u2019attivit\u00e0, frequenza, spostamento verticale, durata e periodi di pausa, fattori individuali di rischio, obblighi del Datore di Lavoro, valutazione del rischio, UNI ISO 11228-1, massa di riferimento, valutazione rapida;<\/li>\n<li>Condizioni di accettabilit\u00e0, condizioni di criticit\u00e0 e fattori complementari per le attivit\u00e0 disollevamento, abbassamento e trasporto di carichi;<\/li>\n<li>Indice di rischio e peso massimo raccomandato, compiti semplici, complessi e sequenziali, limite raccomandato per la massa cumulativa giornaliera, misure organizzative, interventi sulle condizioni ambientali;<\/li>\n<li>Formazione e informazione, patologie da sovraccarico biomeccanico, infortuni e malattie professionali.<\/li>\n<\/ul>","protected":false},"excerpt":{"rendered":"<p>Formazione specifica per i lavoratori esposti a rischi particolari legati alla propria mansione, in conformit\u00e0 alla classificazione del rischio aziendale (basso, medio, alto).<\/p>","protected":false},"featured_media":5456,"template":"","meta":{"_acf_changed":false,"wds_primary_product_brand":0,"wds_primary_product_cat":0},"product_brand":[],"product_cat":[58,69,37],"product_tag":[],"class_list":{"0":"post-5294","1":"product","2":"type-product","3":"status-publish","4":"has-post-thumbnail","6":"product_cat-corsi-e-learning","7":"product_cat-e-learning-rischi-specifici","8":"product_cat-tutti-i-corsi","10":"first","11":"instock","12":"virtual","13":"taxable","14":"purchasable","15":"product-type-simple"},"acf":{"durata":"1","modalita_di_erogazione":"online","sedi":"E-learning","frequenza_obbligatoria":"90%","destinatari_del_corso":"Lavoratori","certificazione":"Al termine del corso, superato il test di verifica dell\u2019apprendimento, verr\u00e0 rilasciato un attestato di formazione valido ai fini di legge, in conformit\u00e0 alla normativa vigente."},"meta_box":[],"_links":{"self":[{"href":"https:\/\/scillasb.com\/en\/wp-json\/wp\/v2\/product\/5294","targetHints":{"allow":["GET"]}}],"collection":[{"href":"https:\/\/scillasb.com\/en\/wp-json\/wp\/v2\/product"}],"about":[{"href":"https:\/\/scillasb.com\/en\/wp-json\/wp\/v2\/types\/product"}],"wp:featuredmedia":[{"embeddable":true,"href":"https:\/\/scillasb.com\/en\/wp-json\/wp\/v2\/media\/5456"}],"wp:attachment":[{"href":"https:\/\/scillasb.com\/en\/wp-json\/wp\/v2\/media?parent=5294"}],"wp:term":[{"taxonomy":"product_brand","embeddable":true,"href":"https:\/\/scillasb.com\/en\/wp-json\/wp\/v2\/product_brand?post=5294"},{"taxonomy":"product_cat","embeddable":true,"href":"https:\/\/scillasb.com\/en\/wp-json\/wp\/v2\/product_cat?post=5294"},{"taxonomy":"product_tag","embeddable":true,"href":"https:\/\/scillasb.com\/en\/wp-json\/wp\/v2\/product_tag?post=5294"}],"curies":[{"name":"wp","href":"https:\/\/api.w.org\/{rel}","templated":true}]}}