{"id":5306,"date":"2025-04-28T12:56:54","date_gmt":"2025-04-28T10:56:54","guid":{"rendered":"https:\/\/dev.scillasb.com\/?post_type=product&#038;p=5306"},"modified":"2025-05-27T12:35:24","modified_gmt":"2025-05-27T10:35:24","slug":"corso-di-formazione-rappresentante-dei-lavoratori-per-la-sicurezza-corso-in-e-learning-solo-se-consentito-da-ccnl-di-riferimento-cliente","status":"publish","type":"product","link":"https:\/\/scillasb.com\/en\/product\/corso-di-formazione-rappresentante-dei-lavoratori-per-la-sicurezza-corso-in-e-learning-solo-se-consentito-da-ccnl-di-riferimento-cliente\/","title":{"rendered":"Corso di formazione Rappresentante dei lavoratori per la sicurezza (Corso in E-learning solo se consentito da CCNL di riferimento cliente)"},"content":{"rendered":"<h4>MODULO GIURIDICO E FIGURE DELLA PREVENZIONE<\/h4>\n<ol>\n<li>Introduzione alla sicurezza e salute nei luoghi di lavoro<\/li>\n<li>Definizioni, informazione, formazione e addestramento, obblighi dei lavoratori<\/li>\n<li>Art. 36 \u2013 Informazione ai lavoratori<\/li>\n<li>Art. 37 \u2013 Formazione dei lavoratori e dei loro rappresentanti<\/li>\n<li>Concetti di rischio, pericolo, prevenzione e protezione<\/li>\n<li>Valutazione e principali rischi dell\u2019attivit\u00e0 lavorativa, uso dei DPC e DPI<\/li>\n<li>Introduzione alle figure principali della sicurezza in azienda<\/li>\n<li>Datore di Lavoro<\/li>\n<li>Preposti<\/li>\n<li>Lavoratori e addetti alle emergenze<\/li>\n<li>RLS, medico competente (MC) e RSPP<\/li>\n<li>Soggetti controllori e sanzioni<\/li>\n<li>Alcuni esempi di sentenze per non conformit\u00e0 sulla sicurezza<\/li>\n<\/ol>\n<h4>LA FIGURA DEL RLS<\/h4>\n<ol>\n<li>Introduzione al ruolo di RLS: attribuzioni, distinzione tra interno ed esterno, numero minimo di rappresentanti<\/li>\n<li>Cenni storici sulla normativa, ruolo del RLS nella valutazione dei rischi, obblighi formativi del RLS<\/li>\n<li>Obbligatoriet\u00e0 della designazione\/elezione del RLS, ruolo di rappresentanza, riunione periodica, conflitto di interessi tra elezione a RLS ed altri ruoli nell\u2019organigramma aziendale<\/li>\n<li>Ruolo di collegamento e comunicazione, comunicazione con lavoratori non madrelingua, importanza del feedback, RLS Territoriale, formazione e aggiornamento<\/li>\n<li>Differenza tra rappresentante e responsabile, differenze di ruolo e compiti tra RLS e preposto<\/li>\n<li>Individuazione e segnalazione dei rischi, casi in cui RLS e preposto coincidono, RLS nella giurisprudenza<\/li>\n<li>Comunicazione funzionale ed efficace, sentenza penale con condanna del RLS per omicidio colposo, cooperazione colposa<\/li>\n<li>Ruolo proattivo del RLS, condizione di dolo eventuale, traccia scritta delle comunicazioni del RLS, volont\u00e0 di assumere il ruolo di RLS<\/li>\n<li>Accesso ai luoghi di lavoro, diritto e dovere di consultazione in merito alla valutazione dei rischi, alla nomina delle figure della sicurezza in azienda e all\u2019organizzazione della formazione, diritto a ricevere la documentazione inerente alla sicurezza<\/li>\n<li>Diritto di ricevere informazioni dai servizi di vigilanza, diritto alla formazione, proattivit\u00e0 verso le misure di prevenzione, diritto di formulare osservazioni e di fare ricorso alle autorit\u00e0 competenti, diritto di partecipazione alla riunione periodica, tempo necessario allo svolgimento dell\u2019incarico<\/li>\n<\/ol>\n<h4>RISCHIO VIBRAZIONI<\/h4>\n<ol>\n<li>Rischi fisici, valutazione del rischio vibrazioni, scelta delle attrezzature di lavoro, vibrazioni meccaniche<\/li>\n<li>Vibrazioni mano-braccio e corpo intero, misurazioni e fattore di incertezza, malattie professionali, valore limite di esposizione, valore d\u2019azione, DPI.<\/li>\n<\/ol>\n<h4>RISCHIO RADIAZIONI OTTICHE ARTIFICIALI<\/h4>\n<ol>\n<li>Tipologie e caratteristiche delle radiazioni ottiche artificiali, analisi dello spettro elettromagnetico<\/li>\n<li>Radiazioni incoerenti, effetti dannosi per cute e occhi, valutazione dei rischi e sorveglianza sanitaria<\/li>\n<li>Segnaletica di sicurezza, radiazioni laser, misure di prevenzione e protezione<\/li>\n<\/ol>\n<h4>RISCHIO RADIAZIONI RAGGI ULTRAVIOLETTI<\/h4>\n<ol>\n<li>Valutazione del rischio da radiazioni UV, definizione raggi UV, distinzione UV-A, UV-B e UV-C,DPC e DPI, effetti dannosi sugli organi bersaglio, livello di intensit\u00e0 delle radiazioni<\/li>\n<li>Protezione della cute e degli occhi, norme generali di sicurezza, norme di carattere gestionale, informazione, formazione e addestramento<\/li>\n<\/ol>\n<h4>RISCHIO SISMICO<\/h4>\n<ol>\n<li>Definizione del rischio sismico, stabilit\u00e0 delle strutture, gestione dell\u2019emergenza in caso di scosse telluriche<\/li>\n<li>Esame dati e documenti di progetto, rilievo geometrico, analisi numeriche e sintesi della valutazione del rischio, scala Mercalli e Richter, prove di evacuazione, piano di emergenza<\/li>\n<\/ol>\n<h4>RISCHIO DA ESPOSIZIONE AD AGENTI CANCEROGENI, MUTAGENI E TERATOGENI<\/h4>\n<ol>\n<li>Agenti cancerogeni e mutageni, categorie, simboli e indicazioni di pericolo, attivit\u00e0 lavorative a rischio, valore limite<\/li>\n<li>Prevenzione e valutazione del rischio, misure tecniche, organizzative e procedurali, sorveglianza sanitaria, DPC e DPI, registro degli esposti, agenti teratogeni<\/li>\n<\/ol>\n<h4>RISCHIO LEGIONELLA<\/h4>\n<ol>\n<li>Cenni storici, caratteristiche, sorgenti e habitat, rischio di infezione, modalit\u00e0 di trasmissione, legionellosi, fattori favorenti la crescita<\/li>\n<li>Trasmissione, legionella in ambito occupazionale, notifica della malattia, valutazione del rischio, misure di prevenzione<\/li>\n<\/ol>\n<h4>RISCHIO RAPINA<\/h4>\n<ol>\n<li>Valutazione del rischio rapina, attivit\u00e0 a maggiore rischio, differenza tra furto e rapina, attivit\u00e0 di prevenzione, risvolti traumatici post rapina<\/li>\n<li>Attivit\u00e0 di formazione e addestramento del personale, come comportarsi e azioni da evitare in caso di rapina<\/li>\n<\/ol>\n<h4>RISCHIO SCARICHE ATMOSEFRICHE<\/h4>\n<ol>\n<li>Rischi fisici, valutazione del rischio vibrazioni, scelta delle attrezzature di lavoro, vibrazioni meccaniche<\/li>\n<li>Vibrazioni mano-braccio e corpo intero, misurazioni e fattore di incertezza, malattie professionali, valore limite di esposizione, valore d\u2019azione, DPI.<\/li>\n<\/ol>\n<p><strong>RISCHIO VIDEOTERMINALI<\/strong><\/p>\n<ol>\n<li>Rischi fisici, valutazione del rischio vibrazioni, scelta delle attrezzature di lavoro, vibrazioni meccaniche<\/li>\n<li>Vibrazioni mano-braccio e corpo intero, misurazioni e fattore di incertezza, malattie professionali, valore limite di esposizione, valore d\u2019azione, DPI.<\/li>\n<\/ol>\n<h4>RISCHIO MOVIMENTAZIONE MANUALE DEI CARICHI<\/h4>\n<ol>\n<li>Definizione rischio da MMC, attivit\u00e0 soggette al rischio, fattori di rischio, caratteristiche del carico: peso, presa dell\u2019oggetto, distanza orizzontale, altezza, torsione del tronco<\/li>\n<li>Sforzo fisico richiesto, caratteristiche dell\u2019ambiente di lavoro, esigenze connesse all\u2019attivit\u00e0, frequenza, spostamento verticale, durata e periodi di pausa, fattori individuali di rischio, obblighi del Datore di Lavoro, valutazione del rischio, UNI ISO 11228-1, massa di riferimento, valutazione rapida<\/li>\n<li>Condizioni di accettabilit\u00e0, condizioni di criticit\u00e0 e fattori complementari per le attivit\u00e0 di sollevamento, abbassamento e trasporto di carichi<\/li>\n<li>Indice di rischio e peso massimo raccomandato, compiti semplici, complessi e sequenziali, limite raccomandato per la massa cumulativa giornaliera, misure organizzative, interventi sulle condizioni ambientali<\/li>\n<li>Formazione e informazione, patologie da sovraccarico biomeccanico, infortuni e malattie professionali<\/li>\n<\/ol>\n<h4>RISCHIO BIOLOGICO<\/h4>\n<ol>\n<li>Agenti biologici: muffe, batteri e virus<\/li>\n<li>Classificazione degli agenti biologici e uso deliberato nelle attivit\u00e0 lavorative<\/li>\n<li>Potenziale esposizione e pericolosit\u00e0 dei microrganismi, sorgenti e veicoli di infezione<\/li>\n<li>Fasi della valutazione del rischio biologico, misure tecniche, organizzative e procedurali<\/li>\n<li>Misure igieniche e di emergenza, sorveglianza sanitaria, informazione, formazione, DPI<\/li>\n<\/ol>\n<h4>RISCHIO DA INTERFERENZE<\/h4>\n<ol>\n<li>Cosa significa interferenza-Definizioni<\/li>\n<li>Gli obblighi del committente<\/li>\n<li>Gli obblighi dell\u2019appaltatore<\/li>\n<li>Gli Obblighi connessi all\u2019appalto<\/li>\n<li>Caso di studio<\/li>\n<li>Il DUVRI<\/li>\n<li>La documentazione<\/li>\n<li>La gestione operativa<\/li>\n<\/ol>\n<h4>RISCHIO ESPOSIZIONE AL RUMORE<\/h4>\n<ol>\n<li>Che cos&#8217;\u00e8 il rumore<\/li>\n<li>Gli effetti del rumore<\/li>\n<li>Come si valuta il rumore parte 1<\/li>\n<li>Come si valuta il rumore parte 2<\/li>\n<li>Le misure di prevenzione e protezione<\/li>\n<li>La UNI 9432:2011<\/li>\n<li>Caso di studio<\/li>\n<li>Esempio di valutazione<\/li>\n<li>La gestione del rischio rumore<\/li>\n<\/ol>\n<h4>RISCHIO ATMOSFERE ESPLOSIVE<\/h4>\n<ol>\n<li>Le definizioni<\/li>\n<li>Il titolo XI<\/li>\n<li>Il documento di protezione e la classificazione delle aree<\/li>\n<li>Allegati: le misure da adottare<\/li>\n<li>Esplosioni da gas e vapori<\/li>\n<li>Esplosioni da polveri fini<\/li>\n<li>Il rischio di esplosione nella ricarica batterie e la valutazione del rischio<\/li>\n<li>Gli apparecchi<\/li>\n<\/ol>\n<h4>RISCHIO ESPOSIZIONE AI CAMPI ELETTROMAGNETICI<\/h4>\n<ol>\n<li>Introduzione<\/li>\n<li>Descrizione ed effetti<\/li>\n<li>Bersagli<\/li>\n<li>Esempi sorgenti a bassa frequenza parte 1<\/li>\n<li>Esempi sorgenti a bassa frequenza parte 2<\/li>\n<li>Esempi sorgenti media\/alta frequenza<\/li>\n<li>Esempi sorgenti rilevanti parte 1<\/li>\n<li>Esempi sorgenti rilevanti parte 2<\/li>\n<\/ol>\n<h4>RISCHIO CHIMICO<\/h4>\n<ol>\n<li>Definizioni<\/li>\n<li>Vie di esposizione agli agenti chimici<\/li>\n<li>La normativa<\/li>\n<li>Caso di studio di una scheda di sicurezza<\/li>\n<li>La valutazione del rischio<\/li>\n<li>Incendio\/esplosione e misure di emergenza<\/li>\n<li>Informazione\/formazione e sorveglianza sanitaria<\/li>\n<li>Misure di protezione<\/li>\n<\/ol>\n<h4>\nRISCHIO MICROCLIMATICO<\/h4>\n<ol>\n<li>Introduzione<\/li>\n<li>Normativa<\/li>\n<li>I requisiti degli ambienti di lavoro moderati<\/li>\n<li>La misura dei parametri microclimatici<\/li>\n<li>Analisi delle misure<\/li>\n<li>La valutazione preliminare del rischio microclima<\/li>\n<li>Le misure di prevenzione del rischio<\/li>\n<li>Le procedure di lavoro<\/li>\n<\/ol>\n<h4>LO STRESS LAVORO-CORRELATO<\/h4>\n<ol>\n<li>Stress e risposte di coping<\/li>\n<li>Frustrazione e burnout<\/li>\n<li>Salute organizzativa<\/li>\n<li>Gestione del conflitto<\/li>\n<li>GUIDA ALLO SMART WORKING<\/li>\n<li>Smart working e nuovo mindset<\/li>\n<li>Smart working e tecnologia<\/li>\n<li>Smart working e goal setting<\/li>\n<li>Smart working e comunicazione<\/li>\n<\/ol>\n<h4>GLI ASPETTI DELL&#8217;EFFICICACIA PERSONALE E ORGANIZZATIVA<\/h4>\n<ol>\n<li>Leadership<\/li>\n<li>Empowerment<\/li>\n<li>Processi di valutazione<\/li>\n<li>Motivazione<\/li>\n<\/ol>\n<h4>RISORSE E BENESSERE ORGANIZZATIVO<\/h4>\n<ol>\n<li>Pensiero divergente e creativit\u00e0<\/li>\n<li>Resilienza<\/li>\n<li>Gestione degli stati emotivi: l\u2019ansia<\/li>\n<li>Mindfulness nei contesti organizzativi<\/li>\n<\/ol>","protected":false},"excerpt":{"rendered":"<p>Corso di formazione per Rappresentanti dei Lavoratori per la Sicurezza (RLS), conforme all\u2019art. 37, comma 10 e 11, del D.Lgs. 81\/08, attivabile solo se previsto dal CCNL applicato.<\/p>","protected":false},"featured_media":5478,"template":"","meta":{"_acf_changed":false,"wds_primary_product_brand":0,"wds_primary_product_cat":0},"product_brand":[],"product_cat":[58,68,37],"product_tag":[],"class_list":{"0":"post-5306","1":"product","2":"type-product","3":"status-publish","4":"has-post-thumbnail","6":"product_cat-corsi-e-learning","7":"product_cat-e-learning-sicurezza-aziendale","8":"product_cat-tutti-i-corsi","10":"first","11":"instock","12":"virtual","13":"taxable","14":"purchasable","15":"product-type-simple"},"acf":{"durata":"32","modalita_di_erogazione":"online","sedi":"E-learning","frequenza_obbligatoria":"90%","destinatari_del_corso":"RLS","certificazione":"Al termine del corso, superato il test di verifica dell\u2019apprendimento, verr\u00e0 rilasciato un attestato di formazione valido ai fini di legge, in conformit\u00e0 alla normativa vigente."},"meta_box":[],"_links":{"self":[{"href":"https:\/\/scillasb.com\/en\/wp-json\/wp\/v2\/product\/5306","targetHints":{"allow":["GET"]}}],"collection":[{"href":"https:\/\/scillasb.com\/en\/wp-json\/wp\/v2\/product"}],"about":[{"href":"https:\/\/scillasb.com\/en\/wp-json\/wp\/v2\/types\/product"}],"wp:featuredmedia":[{"embeddable":true,"href":"https:\/\/scillasb.com\/en\/wp-json\/wp\/v2\/media\/5478"}],"wp:attachment":[{"href":"https:\/\/scillasb.com\/en\/wp-json\/wp\/v2\/media?parent=5306"}],"wp:term":[{"taxonomy":"product_brand","embeddable":true,"href":"https:\/\/scillasb.com\/en\/wp-json\/wp\/v2\/product_brand?post=5306"},{"taxonomy":"product_cat","embeddable":true,"href":"https:\/\/scillasb.com\/en\/wp-json\/wp\/v2\/product_cat?post=5306"},{"taxonomy":"product_tag","embeddable":true,"href":"https:\/\/scillasb.com\/en\/wp-json\/wp\/v2\/product_tag?post=5306"}],"curies":[{"name":"wp","href":"https:\/\/api.w.org\/{rel}","templated":true}]}}