{"id":5317,"date":"2025-04-28T12:56:53","date_gmt":"2025-04-28T10:56:53","guid":{"rendered":"https:\/\/dev.scillasb.com\/?post_type=product&#038;p=5317"},"modified":"2025-05-27T12:40:18","modified_gmt":"2025-05-27T10:40:18","slug":"corso-di-formazione-uso-industriale-e-professionale-dei-diisocianati-avanzato","status":"publish","type":"product","link":"https:\/\/scillasb.com\/en\/product\/corso-di-formazione-uso-industriale-e-professionale-dei-diisocianati-avanzato\/","title":{"rendered":"Corso di formazione uso industriale e professionale dei diisocianati- Avanzato"},"content":{"rendered":"<h4>MODULO BASE<\/h4>\n<ul>\n<li>Introduzione al rischio chimico e alla normativa sull\u2019utilizzo sicuro dei diisocianati;<\/li>\n<li>Restrizioni sull\u2019utilizzo di prodotti contenenti diisocianati, valutazione del rischio per la protezione da agenti chimici;<\/li>\n<li>Misure e principi generali di prevenzione del rischio chimico per la salute e la sicurezza dei lavoratori;<\/li>\n<li>Chimica dei diisocianati ed etichettatura dei prodotti;<\/li>\n<li>Identificazione dei pericoli, frasi H e P, composizione, misure di primo soccorso;<\/li>\n<li>Misure in caso di rilascio accidentale, manipolazione e immagazzinamento, occhiali, guanti e abbigliamento protettivo;<\/li>\n<li>DPI di protezione delle vie aeree e fit-test;<\/li>\n<li>Istruzioni, procedure specifiche e principali rischi connessi all\u2019utilizzo dei diisocianati;<\/li>\n<li>Tossicit\u00e0, sensibilizzazione e rischi connessi all\u2019esposizione e ai processi di applicazione;<\/li>\n<\/ul>\n<h4>MODULO INTERMEDIO<\/h4>\n<ul>\n<li>Misure di prevenzione e protezione;<\/li>\n<li>Approfondimento sui DPI per la protezione di mani, corpo e vie aeree;<\/li>\n<li>Norme igieniche, di pulizia e di manutenzione, procedure di emergenza in caso di contatto, contaminazione, inalazione e fuoriuscite accidentali;<\/li>\n<li>Piani di gestione delle emergenze, smaltimento, gestione del cambiamento;<\/li>\n<\/ul>\n<h4>MODULO AVANZATO<\/h4>\n<ul>\n<li>Utilizzo a temperature elevate, addestramento, manipolazione miscele aperte, stoccaggio, iniezione, schiumatura;<\/li>\n<li>Manutenzione e controllo qualit\u00e0, attivit\u00e0 di laboratorio, rivestimenti bicomponenti, modalit\u00e0 di applicazione, miscelazione;<\/li>\n<li>Rischio di esposizione durante tutte le fasi lavorative, persone autorizzate, approfondimento sulla chimica dei diisocianati, utilizzo non professionale;<\/li>\n<\/ul>","protected":false},"excerpt":{"rendered":"<p>Formazione obbligatoria per l\u2019uso industriale e professionale dei diisocianati in concentrazione &gt; 0,1%, in linea con il Regolamento (UE) 2020\/1149. Percorso avanzato per lavoratori esposti in modo intensivo.<\/p>","protected":false},"featured_media":5501,"template":"","meta":{"_acf_changed":false,"wds_primary_product_brand":0,"wds_primary_product_cat":0},"product_brand":[],"product_cat":[71,58,37],"product_tag":[],"class_list":{"0":"post-5317","1":"product","2":"type-product","3":"status-publish","4":"has-post-thumbnail","6":"product_cat-e-learning-specialistici-integrativi","7":"product_cat-corsi-e-learning","8":"product_cat-tutti-i-corsi","10":"first","11":"instock","12":"virtual","13":"taxable","14":"purchasable","15":"product-type-simple"},"acf":{"durata":"4","modalita_di_erogazione":"online","sedi":"E-learning","frequenza_obbligatoria":"90%","destinatari_del_corso":"Lavoratori","certificazione":"Al termine del corso, superato il test di verifica dell\u2019apprendimento, verr\u00e0 rilasciato un attestato di formazione valido ai fini di legge, in conformit\u00e0 alla normativa vigente."},"meta_box":[],"_links":{"self":[{"href":"https:\/\/scillasb.com\/en\/wp-json\/wp\/v2\/product\/5317","targetHints":{"allow":["GET"]}}],"collection":[{"href":"https:\/\/scillasb.com\/en\/wp-json\/wp\/v2\/product"}],"about":[{"href":"https:\/\/scillasb.com\/en\/wp-json\/wp\/v2\/types\/product"}],"wp:featuredmedia":[{"embeddable":true,"href":"https:\/\/scillasb.com\/en\/wp-json\/wp\/v2\/media\/5501"}],"wp:attachment":[{"href":"https:\/\/scillasb.com\/en\/wp-json\/wp\/v2\/media?parent=5317"}],"wp:term":[{"taxonomy":"product_brand","embeddable":true,"href":"https:\/\/scillasb.com\/en\/wp-json\/wp\/v2\/product_brand?post=5317"},{"taxonomy":"product_cat","embeddable":true,"href":"https:\/\/scillasb.com\/en\/wp-json\/wp\/v2\/product_cat?post=5317"},{"taxonomy":"product_tag","embeddable":true,"href":"https:\/\/scillasb.com\/en\/wp-json\/wp\/v2\/product_tag?post=5317"}],"curies":[{"name":"wp","href":"https:\/\/api.w.org\/{rel}","templated":true}]}}