{"id":5336,"date":"2025-04-28T12:56:51","date_gmt":"2025-04-28T10:56:51","guid":{"rendered":"https:\/\/dev.scillasb.com\/?post_type=product&#038;p=5336"},"modified":"2025-05-27T12:09:22","modified_gmt":"2025-05-27T10:09:22","slug":"corso-di-aggiornamento-preposti","status":"publish","type":"product","link":"https:\/\/scillasb.com\/en\/product\/corso-di-aggiornamento-preposti\/","title":{"rendered":"Corso di aggiornamento- preposti"},"content":{"rendered":"<h4>PROGRAMMA DIDATTICO<\/h4>\n<p>AI SENSI DEGLI ARTT. 37 COMMA 7, DEL D.LGS. 81\/08 \u2013 ACCORDO STATO REGIONI 21\/12\/2011\u2013 LEGGE n. 215 DEL 17\/12\/2021<\/p>\n<ul>\n<li>Approfondimenti giuridico normativi;<\/li>\n<li>Aggiornamenti tecnici sui rischi ai quali sono esposti i lavoratori;<\/li>\n<li>Aggiornamento su organizzazione e gestione della sicurezza in azienda;<\/li>\n<li>Fonti di rischio e relative misure di prevenzione.<\/li>\n<li>Tecniche di comunicazione e sensibilizzazione dei lavoratori, in particolare neoassunti, somministrati, stranieri;<\/li>\n<li>Approfondimenti giuridico normativi;<\/li>\n<li>Aggiornamenti tecnici sui rischi ai quali sono esposti i lavoratori;<\/li>\n<li>Aggiornamento su organizzazione e gestione della sicurezza in azienda.<\/li>\n<\/ul>","protected":false},"excerpt":{"rendered":"<p>Il corso di aggiornamento per preposti ha cadenza quinquennale ed \u00e8 finalizzato a mantenere aggiornate le competenze in materia di salute e sicurezza sul lavoro. Approfondisce le modifiche legislative, le buone prassi, le novit\u00e0 tecnico-organizzative e le responsabilit\u00e0 del ruolo. Fondamentale per chi ricopre ruoli di vigilanza e coordinamento, il corso assicura la continuit\u00e0 nella preparazione e l\u2019adeguamento alle nuove normative.<\/p>","protected":false},"featured_media":5548,"template":"","meta":{"_acf_changed":false,"wds_primary_product_brand":0,"wds_primary_product_cat":0},"product_brand":[],"product_cat":[49,64,37],"product_tag":[],"class_list":{"0":"post-5336","1":"product","2":"type-product","3":"status-publish","4":"has-post-thumbnail","6":"product_cat-aula-e-videoconferenza","7":"product_cat-salute-e-sicurezza","8":"product_cat-tutti-i-corsi","10":"first","11":"outofstock","12":"virtual","13":"taxable","14":"product-type-simple"},"acf":{"durata":"6","modalita_di_erogazione":"In Sede\/videoconferenza","sedi":"Sede SCILLA in Via Naro, 81 \u2013 Pomezia (RM) oppure su richiesta presso la sede del cliente","frequenza_obbligatoria":"90%","destinatari_del_corso":"Lavoratori incaricati del ruolo di preposto alla sicurezza","certificazione":"Al termine del corso, superato il test di verifica dell\u2019apprendimento, verr\u00e0 rilasciato un attestato di formazione valido ai fini di legge, in conformit\u00e0 alla normativa vigente."},"meta_box":[],"_links":{"self":[{"href":"https:\/\/scillasb.com\/en\/wp-json\/wp\/v2\/product\/5336","targetHints":{"allow":["GET"]}}],"collection":[{"href":"https:\/\/scillasb.com\/en\/wp-json\/wp\/v2\/product"}],"about":[{"href":"https:\/\/scillasb.com\/en\/wp-json\/wp\/v2\/types\/product"}],"wp:featuredmedia":[{"embeddable":true,"href":"https:\/\/scillasb.com\/en\/wp-json\/wp\/v2\/media\/5548"}],"wp:attachment":[{"href":"https:\/\/scillasb.com\/en\/wp-json\/wp\/v2\/media?parent=5336"}],"wp:term":[{"taxonomy":"product_brand","embeddable":true,"href":"https:\/\/scillasb.com\/en\/wp-json\/wp\/v2\/product_brand?post=5336"},{"taxonomy":"product_cat","embeddable":true,"href":"https:\/\/scillasb.com\/en\/wp-json\/wp\/v2\/product_cat?post=5336"},{"taxonomy":"product_tag","embeddable":true,"href":"https:\/\/scillasb.com\/en\/wp-json\/wp\/v2\/product_tag?post=5336"}],"curies":[{"name":"wp","href":"https:\/\/api.w.org\/{rel}","templated":true}]}}