{"id":5337,"date":"2025-04-28T12:56:51","date_gmt":"2025-04-28T10:56:51","guid":{"rendered":"https:\/\/dev.scillasb.com\/?post_type=product&#038;p=5337"},"modified":"2025-05-27T12:09:22","modified_gmt":"2025-05-27T10:09:22","slug":"corso-di-formazione-dirigenti","status":"publish","type":"product","link":"https:\/\/scillasb.com\/en\/product\/corso-di-formazione-dirigenti\/","title":{"rendered":"Corso di formazione &#8211; dirigenti"},"content":{"rendered":"<h4>PROGRAMMA DIDATTICO<\/h4>\n<p>AI SENSI DELL\u2019ARTICOLO 37, COMMA 7 E ASR N.221 DEL 21 DICEMBRE 2011<\/p>\n<p><strong>MODULO 1 GIURIDICO &#8211; NORMATIVO<\/strong><\/p>\n<ul>\n<li>sistema legislativo in materia di sicurezza dei lavoratori;<\/li>\n<li>gli organi di vigilanza e le procedure ispettive;<\/li>\n<li>I soggetti del sistema di prevenzione aziendale secondo il D.Lgs. n. 81\/08: compiti, obblighi, responsabilit\u00e0 e tutela assicurativa;<\/li>\n<li>delega di funzioni; responsabilit\u00e0 civile e penale e tutela assicurativa;<\/li>\n<li>la \u201cresponsabilit\u00e0 amministrativa delle persone giuridiche, delle societ\u00e0 e delle associazioni, anche prive di responsabilit\u00e0 giuridica&#8221; ex D.Lgs. n. 231\/2001, e s.m.i.;<\/li>\n<li>i sistemi di qualificazione delle imprese e la patente a punti in edilizia;<\/li>\n<\/ul>\n<p><strong>MODULO 2 GESTIONE ED ORGANIZZAZIONE DELLA SICUREZZA<\/strong><\/p>\n<ul>\n<li>modelli di organizzazione e di gestione della salute e sicurezza sul lavoro (articolo 30, D.Lgs. n. 81\/08);<\/li>\n<li>La gestione della documentazione tecnico amministrativa;<\/li>\n<li>Gli obblighi connessi ai contratti di appalto o d&#8217;opera o di somministrazione;<\/li>\n<li>l\u2019organizzazione della prevenzione incendi, primo soccorso e gestione delle emergenze;<\/li>\n<li>Le modalit\u00e0 di organizzazione e di esercizio della funzione di vigilanza delle attivit\u00e0 lavorative e in ordine all\u2019adempimento degli obblighi previsti al comma 3 bis dell&#8217;art. 18 del D.Lgs. n.81\/08;<\/li>\n<li>ruolo del responsabile e degli addetti al servizio di prevenzione e protezione;<\/li>\n<\/ul>\n<p><strong>MODULO 3. INDIVIDUAZIONE E VALUTAZIONE DEI RISCHI<\/strong><\/p>\n<ul>\n<li>criteri e strumenti per l\u2019individuazione e la valutazione dei rischi;<\/li>\n<li>il rischio da stress lavoro-correlato;<\/li>\n<li>il rischio ricollegabile alle differenze di genere, et\u00e0, alla provenienza da altri paesi e alla tipologia contrattuale;<\/li>\n<li>il rischio interferenziale e la gestione del rischio nello svolgimento di lavori in appalto;<\/li>\n<li>le misure tecniche, organizzative e procedurali di prevenzione e protezione in base ai fattori di rischio;<\/li>\n<li>la considerazione degli infortuni mancati e delle risultanze delle attivit\u00e0 di partecipazione dei lavoratori e dei preposti;<\/li>\n<li>i dispositivi di protezione individuale;<\/li>\n<li>la sorveglianza sanitaria;<\/li>\n<\/ul>\n<p><strong>MODULO 4 COMUNICAZIONE, FORMAZIONE E CONSULTAZIONE DEI LAVORATORI<\/strong><\/p>\n<ul>\n<li>competenze relazionali e consapevolezza del ruolo;<\/li>\n<li>importanza strategica dell&#8217;informazione, della formazione e dell\u2019addestramento quali strumenti di conoscenza della realt\u00e0 aziendale;<\/li>\n<li>tecniche di comunicazione; lavoro di gruppo e gestione dei conflitti;<\/li>\n<li>consultazione e partecipazione dei rappresentanti dei lavoratori per la sicurezza;<\/li>\n<li>natura, funzioni e modalit\u00e0 di nomina o di elezione dei rappresentanti dei lavoratori per la sicurezza.<\/li>\n<li>Approfondimento di tematiche specifiche ed in particolare come:\n<ul>\n<li>supportare EHS nell\u2019individuazione del\/dei preposti per l\u2019effettuazione delle attivit\u00e0 di vigilanza<\/li>\n<li>mettere i lavoratori nelle condizioni di ricevere informazione, formazione, addestramento;<\/li>\n<li>prendere le misure appropriate affinch\u00e9 soltanto i lavoratori che hanno ricevuto adeguate istruzioni e specifico addestramento accedano alle zone che li espongono ad un rischio grave e specifico;<\/li>\n<li>nell\u2019affidare i compiti ai lavoratori, tenere conto delle capacit\u00e0 e delle condizioni degli stessi in rapporto alla loro salute e alla sicurezza;<\/li>\n<\/ul>\n<\/li>\n<\/ul>","protected":false},"excerpt":{"rendered":"<p>Destinato a dirigenti che assumono responsabilit\u00e0 gestionali e decisionali in materia di salute e sicurezza sul lavoro, questo corso fornisce una formazione completa su obblighi giuridici, gestione del rischio, organizzazione e prevenzione aziendale. Il percorso consente di adempiere agli obblighi formativi previsti dall\u2019art. 37 del D.Lgs. 81\/08 e dagli Accordi Stato-Regioni, fornendo strumenti concreti per una gestione efficace della sicurezza.<\/p>","protected":false},"featured_media":5550,"template":"","meta":{"_acf_changed":false,"wds_primary_product_brand":0,"wds_primary_product_cat":0},"product_brand":[],"product_cat":[49,64,37],"product_tag":[],"class_list":{"0":"post-5337","1":"product","2":"type-product","3":"status-publish","4":"has-post-thumbnail","6":"product_cat-aula-e-videoconferenza","7":"product_cat-salute-e-sicurezza","8":"product_cat-tutti-i-corsi","10":"first","11":"outofstock","12":"virtual","13":"taxable","14":"product-type-simple"},"acf":{"durata":"16","modalita_di_erogazione":"In Sede\/videoconferenza","sedi":"Sede SCILLA in Via Naro, 81 \u2013 Pomezia (RM) oppure su richiesta presso la sede del cliente","frequenza_obbligatoria":"90%","destinatari_del_corso":"Dirigenti aziendali","certificazione":"Al termine del corso, superato il test di verifica dell\u2019apprendimento, verr\u00e0 rilasciato un attestato di formazione valido ai fini di legge, in conformit\u00e0 alla normativa vigente."},"meta_box":[],"_links":{"self":[{"href":"https:\/\/scillasb.com\/en\/wp-json\/wp\/v2\/product\/5337","targetHints":{"allow":["GET"]}}],"collection":[{"href":"https:\/\/scillasb.com\/en\/wp-json\/wp\/v2\/product"}],"about":[{"href":"https:\/\/scillasb.com\/en\/wp-json\/wp\/v2\/types\/product"}],"wp:featuredmedia":[{"embeddable":true,"href":"https:\/\/scillasb.com\/en\/wp-json\/wp\/v2\/media\/5550"}],"wp:attachment":[{"href":"https:\/\/scillasb.com\/en\/wp-json\/wp\/v2\/media?parent=5337"}],"wp:term":[{"taxonomy":"product_brand","embeddable":true,"href":"https:\/\/scillasb.com\/en\/wp-json\/wp\/v2\/product_brand?post=5337"},{"taxonomy":"product_cat","embeddable":true,"href":"https:\/\/scillasb.com\/en\/wp-json\/wp\/v2\/product_cat?post=5337"},{"taxonomy":"product_tag","embeddable":true,"href":"https:\/\/scillasb.com\/en\/wp-json\/wp\/v2\/product_tag?post=5337"}],"curies":[{"name":"wp","href":"https:\/\/api.w.org\/{rel}","templated":true}]}}