{"id":5339,"date":"2025-04-28T12:56:51","date_gmt":"2025-04-28T10:56:51","guid":{"rendered":"https:\/\/dev.scillasb.com\/?post_type=product&#038;p=5339"},"modified":"2025-05-27T12:09:23","modified_gmt":"2025-05-27T10:09:23","slug":"corso-di-formazione-datori-di-lavoro-rspp-rischio-basso","status":"publish","type":"product","link":"https:\/\/scillasb.com\/en\/product\/corso-di-formazione-datori-di-lavoro-rspp-rischio-basso\/","title":{"rendered":"Corso di formazione &#8211; datori di lavoro RSPP rischio basso"},"content":{"rendered":"<h4>PROGRAMMA DIDATTICO<\/h4>\n<p>art. 34 comma 2, del D.Lgs. 81\/08, correttivo dal D.Lgs. 106\/09 e dall&#8217;Accordo Stato-Regioni del 21 dicembre 2011.<\/p>\n<p><strong>Modulo 1. normativo-giuridico:<\/strong><\/p>\n<ul>\n<li>Il sistema legislativo in materia di sicurezza dei lavoratori;<\/li>\n<li>La responsabilit\u00e0 civile e penale e la tutela assicurativa;<\/li>\n<li>La responsabilit\u00e0 amministrativa delle persone giuridiche, delle societ\u00e0 e delle associazioni anche prive di responsabilit\u00e0 giuridica ex D.Lgs. 231\/2001 e s.m.i.;<\/li>\n<li>Il sistema istituzionale della prevenzione;<\/li>\n<li>I soggetti del sistema di prevenzione aziendale secondo il D.Lgs. 81\/08: compiti, obblighi e responsabilit\u00e0;<\/li>\n<li>Il sistema di qualificazione delle imprese.<\/li>\n<\/ul>\n<p><strong>Modulo 2. gestionale:<\/strong><\/p>\n<ul>\n<li>I criteri e gli strumenti per l&#8217;individuazione e la valutazione dei rischi;<\/li>\n<li>La considerazione degli infortuni mancati e delle modalit\u00e0 di accadimento degli stessi;<\/li>\n<li>La considerazione delle risultanze delle attivit\u00e0 di partecipazione dei lavoratori;<\/li>\n<li>Il documento di valutazione dei rischi (contenuti, specificit\u00e0 e metodologie);<\/li>\n<li>I modelli di organizzazione e gestione della sicurezza;<\/li>\n<li>Gli obblighi connessi ai contratti d&#8217;appalto o d&#8217;opera o di somministrazione;<\/li>\n<li>Il documento unico di valutazione dei rischi da interferenza;<\/li>\n<li>La gestione della documentazione tecnico amministrativa;<\/li>\n<li>L&#8217;organizzazione della prevenzione incendi, del primo soccorso e della gestione delle emergenze.<\/li>\n<\/ul>\n<p><strong>Modulo 3. tecnico &#8211; individuazione e valutazione dei rischi:<\/strong><\/p>\n<ul>\n<li>I principali fattori di rischio e le relative misure tecniche, organizzative e procedurali di prevenzione e protezione;<\/li>\n<li>Il rischio da Stress Lavoro-Correlato;<\/li>\n<li>I rischi ricollegabili al genere, all&#8217;et\u00e0 ed alla provenienza da altri paesi;<\/li>\n<li>I dispositivi di protezione individuale;<\/li>\n<li>La sorveglianza sanitaria.<\/li>\n<\/ul>\n<p><strong>Modulo 4. relazionale &#8211; formazione e consultazione dei lavoratori:<\/strong><\/p>\n<ul>\n<li>L&#8217;informazione, la formazione e l&#8217;addestramento;<\/li>\n<li>Le tecniche di comunicazione;<\/li>\n<li>Il sistema delle relazioni aziendali e della comunicazione in azienda;<\/li>\n<li>La consultazione e la partecipazione dei rappresentanti dei lavoratori per la sicurezza;<\/li>\n<li>Natura, funzioni e modalit\u00e0 di nomina o di elezione dei rappresentanti dei lavoratori per la sicurezza.<\/li>\n<\/ul>","protected":false},"excerpt":{"rendered":"<p>Il corso \u00e8 progettato per fornire ai datori di lavoro che intendono assumere direttamente il ruolo di Responsabile del Servizio di Prevenzione e Protezione (RSPP) nelle aziende a rischio basso, le competenze normative, gestionali e operative richieste dal D.Lgs. 81\/08. Il percorso formativo affronta la valutazione dei rischi, le responsabilit\u00e0 giuridiche, l\u2019organizzazione della sicurezza aziendale, la sorveglianza sanitaria, l\u2019informazione e la formazione dei lavoratori. L\u2019approccio \u00e8 teorico-pratico, con esempi e casi reali per favorire l\u2019applicazione sul campo.<\/p>","protected":false},"featured_media":5535,"template":"","meta":{"_acf_changed":false,"wds_primary_product_brand":0,"wds_primary_product_cat":0},"product_brand":[],"product_cat":[49,64,37],"product_tag":[],"class_list":{"0":"post-5339","1":"product","2":"type-product","3":"status-publish","4":"has-post-thumbnail","6":"product_cat-aula-e-videoconferenza","7":"product_cat-salute-e-sicurezza","8":"product_cat-tutti-i-corsi","10":"first","11":"outofstock","12":"virtual","13":"taxable","14":"product-type-simple"},"acf":{"durata":"16","modalita_di_erogazione":"In Sede\/videoconferenza","sedi":"Sede SCILLA in Via Naro, 81 \u2013 Pomezia (RM) oppure su richiesta presso la sede del cliente","frequenza_obbligatoria":"90%","destinatari_del_corso":"Datori di lavoro di aziende classificate a rischio basso (es. uffici, commercio, servizi)Titolari di imprese che intendono ricoprire direttamente il ruolo di RSPPPiccoli imprenditori che vogliono gestire in autonomia la sicurezza in azienda","certificazione":"Al termine del corso, superato il test di verifica dell\u2019apprendimento, verr\u00e0 rilasciato un attestato di formazione valido ai fini di legge, in conformit\u00e0 alla normativa vigente."},"meta_box":[],"_links":{"self":[{"href":"https:\/\/scillasb.com\/en\/wp-json\/wp\/v2\/product\/5339","targetHints":{"allow":["GET"]}}],"collection":[{"href":"https:\/\/scillasb.com\/en\/wp-json\/wp\/v2\/product"}],"about":[{"href":"https:\/\/scillasb.com\/en\/wp-json\/wp\/v2\/types\/product"}],"wp:featuredmedia":[{"embeddable":true,"href":"https:\/\/scillasb.com\/en\/wp-json\/wp\/v2\/media\/5535"}],"wp:attachment":[{"href":"https:\/\/scillasb.com\/en\/wp-json\/wp\/v2\/media?parent=5339"}],"wp:term":[{"taxonomy":"product_brand","embeddable":true,"href":"https:\/\/scillasb.com\/en\/wp-json\/wp\/v2\/product_brand?post=5339"},{"taxonomy":"product_cat","embeddable":true,"href":"https:\/\/scillasb.com\/en\/wp-json\/wp\/v2\/product_cat?post=5339"},{"taxonomy":"product_tag","embeddable":true,"href":"https:\/\/scillasb.com\/en\/wp-json\/wp\/v2\/product_tag?post=5339"}],"curies":[{"name":"wp","href":"https:\/\/api.w.org\/{rel}","templated":true}]}}