{"id":5342,"date":"2025-04-28T12:56:50","date_gmt":"2025-04-28T10:56:50","guid":{"rendered":"https:\/\/dev.scillasb.com\/?post_type=product&#038;p=5342"},"modified":"2025-05-27T12:09:23","modified_gmt":"2025-05-27T10:09:23","slug":"corso-di-formazione-aspp-rspp-modulo-a","status":"publish","type":"product","link":"https:\/\/scillasb.com\/en\/product\/corso-di-formazione-aspp-rspp-modulo-a\/","title":{"rendered":"Corso di formazione ASPP\/RSPP- Modulo A"},"content":{"rendered":"<h4>PROGRAMMA DIDATTICO<\/h4>\n<p>IN OTTEMPERANZA AL D.Lgs. 81\/08 e smi.<\/p>\n<p><strong>Modulo 1: Normativo \u2013 giuridico \u2013 8 ore<\/strong><\/p>\n<ul>\n<li>L\u2019approccio alla prevenzione nel d.lgs. n.81\/2008;<\/li>\n<li>Il Sistema legislativo in materia di sicurezza dei lavoratori;<\/li>\n<li>La responsabilit\u00e0 civile e penale e la tutela assicurativa;<\/li>\n<li>La \u201cresponsabilit\u00e0 amministrativa delle persone giuridiche, delle societ\u00e0 e delle associazioni, anche prive di responsabilit\u00e0 giuridica\u201d ex D.Lgs. N 203\/2011, e s.m.i.;<\/li>\n<li>la legislazione relativa a particolari categorie di lavoro: minorile, notturno, madri ecc.<\/li>\n<li>Il sistema istituzionale della prevenzione;<\/li>\n<li>I soggetti del sistema di prevenzione aziendale secondo il D.Lgs. 81\/08: compiti, obblighi, responsabilit\u00e0;<\/li>\n<li>La \u201cresponsabilit\u00e0 amministrativa delle persone giuridiche, delle societ\u00e0 e delle associazioni, anche prive di responsabilit\u00e0 giuridica\u201d ex D.Lgs. n. 231\/2001 e s.m.i.<\/li>\n<\/ul>\n<p><strong><br \/>\nModulo 2 Tecnico &#8211; individuazione e valutazione dei rischi \u2013 4 ore<\/strong><\/p>\n<ul>\n<li>I principali fattori di rischio e le relative misure tecniche, organizzative e procedurali di prevenzione e protezione;<\/li>\n<li>Concetti di pericolo, rischio danno, prevenzione e protezione;<\/li>\n<li>I rischi ricollegabili al genere, all\u2019et\u00e0 e alla provenienza da altri paesi;<\/li>\n<li>L&#8217;informazione, la formazione e l\u2019addestramento dei lavoratori.<\/li>\n<\/ul>\n<p><strong>Modulo 3 &#8211; Gestionale &#8211; gestione ed organizzazione della sicurezza-4 ore<\/strong><\/p>\n<ul>\n<li>I criteri e gli strumenti per l\u2019individuazione e la valutazione dei rischi;<\/li>\n<li>La considerazione degli infortuni mancati e delle modalit\u00e0 di accadimento degli stessi;<\/li>\n<li>Statistiche e registro degli infortuni;<\/li>\n<li>La considerazione delle risultanze delle attivit\u00e0 di partecipazione dei lavoratori;<\/li>\n<li>Il documento di valutazione dei rischi (contenuti, specificit\u00e0 e metodologia);<\/li>\n<li>I modelli di organizzazione e gestione della sicurezza;<\/li>\n<li>La gestione della documentazione tecnico amministrativa.<\/li>\n<\/ul>\n<p><strong><br \/>\nModulo 4 &#8211; Gestionale &#8211; gestione ed organizzazione della sicurezza-4 ore<\/strong><\/p>\n<ul>\n<li>Definizione di un sistema per il controllo della efficienza e della efficacia nel tempo delle misure attuate Sistema di Gestione della Salute e Sicurezza sul Lavoro (SGSL);<\/li>\n<li>Contenuti minimi del SGSL;<\/li>\n<li>Gli obblighi connessi ai contratti di appalto o d\u2019opera o di somministrazione;<\/li>\n<li>I modelli di organizzazione e gestione della sicurezza;<\/li>\n<li>Il sistema di vigilanza e assistenza;<\/li>\n<\/ul>\n<p><strong><br \/>\nModulo 5 -Tecnico &#8211; valutazione di rischi specifici- 4 ore<\/strong><\/p>\n<ul>\n<li>Rischio di incendio e di esplosione:<\/li>\n<li>Il quadro legislativo antincendio e CPI;<\/li>\n<li>Attivit\u00e0 soggette ed attivit\u00e0 regolate dal DM 10\/03\/98;<\/li>\n<li>Gestione delle emergenze elementari;<\/li>\n<li>Piani di evacuazione ed esodo;<\/li>\n<li>I Dispositivi di Protezione Individuale (DPI): criteri di scelta e di utilizzo;<\/li>\n<li>La sorveglianza sanitaria (definizione della necessit\u00e0 della sorveglianza sanitaria, specifiche tutele per le lavoratrici madri, minori, invalidi, visite mediche e giudizi di idoneit\u00e0, ricorsi);<\/li>\n<li>Principali malattie professionali;<\/li>\n<\/ul>\n<p><strong><br \/>\nModulo 6- Tecnico &#8211; valutazione di rischi specifici- 4 ore<\/strong><\/p>\n<ul>\n<li>Rischio rumore;<\/li>\n<li>Rischio vibrazioni;<\/li>\n<li>Il microclima e l\u2019illuminazione;<\/li>\n<li>Rischi cancerogeni e mutageni;<\/li>\n<li>Rischio chimico;<\/li>\n<li>Rischio biologico;<\/li>\n<li>Rischio videoterminali;<\/li>\n<li>Rischio movimentazione manuale dei carichi.<\/li>\n<\/ul>\n<p><strong><br \/>\nTest finale di valutazione sulle competenze acquisite<\/strong><\/p>","protected":false},"excerpt":{"rendered":"<p>l Modulo A rappresenta il primo step formativo obbligatorio per chi vuole intraprendere il percorso per diventare Addetto o Responsabile del Servizio di Prevenzione e Protezione. Il corso fornisce le basi normative e organizzative della sicurezza sul lavoro, introducendo i principi della prevenzione, la struttura del sistema legislativo, le figure coinvolte e i principali rischi presenti negli ambienti di lavoro.<\/p>","protected":false},"featured_media":5561,"template":"","meta":{"_acf_changed":false,"wds_primary_product_brand":0,"wds_primary_product_cat":0},"product_brand":[],"product_cat":[49,64,37],"product_tag":[],"class_list":{"0":"post-5342","1":"product","2":"type-product","3":"status-publish","4":"has-post-thumbnail","6":"product_cat-aula-e-videoconferenza","7":"product_cat-salute-e-sicurezza","8":"product_cat-tutti-i-corsi","10":"first","11":"outofstock","12":"virtual","13":"taxable","14":"product-type-simple"},"acf":{"durata":"28","modalita_di_erogazione":"In Sede\/videoconferenza","sedi":"Sede SCILLA in Via Naro, 81 \u2013 Pomezia (RM) oppure su richiesta presso la sede del cliente","frequenza_obbligatoria":"90%","destinatari_del_corso":"Aspiranti ASPP (Addetti al Servizio di Prevenzione e Protezione)Futuri RSPP (Responsabili del Servizio di Prevenzione e Protezione)Professionisti che desiderano avviarsi nel settore della sicurezza sul lavoro","certificazione":"Al termine del corso, superato il test di verifica dell\u2019apprendimento, verr\u00e0 rilasciato un attestato di formazione valido ai fini di legge, in conformit\u00e0 alla normativa vigente."},"meta_box":[],"_links":{"self":[{"href":"https:\/\/scillasb.com\/en\/wp-json\/wp\/v2\/product\/5342","targetHints":{"allow":["GET"]}}],"collection":[{"href":"https:\/\/scillasb.com\/en\/wp-json\/wp\/v2\/product"}],"about":[{"href":"https:\/\/scillasb.com\/en\/wp-json\/wp\/v2\/types\/product"}],"wp:featuredmedia":[{"embeddable":true,"href":"https:\/\/scillasb.com\/en\/wp-json\/wp\/v2\/media\/5561"}],"wp:attachment":[{"href":"https:\/\/scillasb.com\/en\/wp-json\/wp\/v2\/media?parent=5342"}],"wp:term":[{"taxonomy":"product_brand","embeddable":true,"href":"https:\/\/scillasb.com\/en\/wp-json\/wp\/v2\/product_brand?post=5342"},{"taxonomy":"product_cat","embeddable":true,"href":"https:\/\/scillasb.com\/en\/wp-json\/wp\/v2\/product_cat?post=5342"},{"taxonomy":"product_tag","embeddable":true,"href":"https:\/\/scillasb.com\/en\/wp-json\/wp\/v2\/product_tag?post=5342"}],"curies":[{"name":"wp","href":"https:\/\/api.w.org\/{rel}","templated":true}]}}