{"id":5343,"date":"2025-04-28T12:56:50","date_gmt":"2025-04-28T10:56:50","guid":{"rendered":"https:\/\/dev.scillasb.com\/?post_type=product&#038;p=5343"},"modified":"2025-05-27T12:09:23","modified_gmt":"2025-05-27T10:09:23","slug":"corso-di-formazione-aspp-rspp-modulo-b","status":"publish","type":"product","link":"https:\/\/scillasb.com\/en\/product\/corso-di-formazione-aspp-rspp-modulo-b\/","title":{"rendered":"Corso di formazione ASPP\/RSPP- Modulo B"},"content":{"rendered":"<h4>PROGRAMMA DIDATTICO<\/h4>\n<p>IN OTTEMPERANZA AL D.Lgs. 81\/08 e smi.<\/p>\n<p><strong>Lezione 1 (4 ore)<\/strong><\/p>\n<ul>\n<li>La movimentazione manuale dei carichi: i rischi connessi con una delle attivit\u00e0 pi\u00f9 diffuse negli ambienti di lavoro<\/li>\n<li>Il D.Lgs. 81\/08 e la movimentazione manuale dei carichi: le norme UNI ISO 11228 e il Technical Report ISO\/TR 12295<\/li>\n<li>Metodologia per la valutazione dei rischi: la norma UNI ISO 11228-1 &#8220;Sollevamento e trasporto&#8221; e il metodo NIOSH<\/li>\n<li>Esercitazione\u202fsulla valutazione del rischio MMC: sollevamento e trasporto<\/li>\n<\/ul>\n<p><strong>Lezione 2 (4 ore)<\/strong><\/p>\n<ul>\n<li>Il rischio derivante dalle operazioni di traino-spinta: la\u202fnorma UNI ISO 11228-2<\/li>\n<li>Gli strumenti per la misurazione delle forze: il dinamometro<\/li>\n<li>Il rischio derivante dai movimenti ripetuti: la norma UNI ISO 11228-3<\/li>\n<li>Movimentazione di bassi carichi ad alta frequenza e la check list OCRA<\/li>\n<li>Esercitazioni sulla valutazione del rischio da movimentazione manuale dei carichi: traino spinta e\u202fmovimenti ripetitivi<\/li>\n<\/ul>\n<p><strong>Lezione 3 (4 ore)<\/strong><\/p>\n<ul>\n<li>La valutazione dei rischi: principi e metodologia<\/li>\n<li>Come elaborare il documento di valutazione dei rischi<\/li>\n<li>Norme e tecniche per la valutazione dei rischi: UNI 11230 e BS 18004<\/li>\n<li>Esercitazioni e studio di casi specifici<\/li>\n<\/ul>\n<p><strong>Lezione 4 (4 ore)<\/strong><\/p>\n<ul>\n<li>Ambienti e luoghi di lavoro: caratteristiche, microclima, illuminazione<\/li>\n<li>L&#8217;ergonomia del posto di lavoro<\/li>\n<li>Esercitazioni sulla valutazione dei rischi in ambienti di lavoro<\/li>\n<\/ul>\n<p><strong>Lezione 5 (4 ore)<\/strong><\/p>\n<ul>\n<li>Le attrezzature munite di videoterminale<\/li>\n<li>Il rischio da stress lavoro correlato<\/li>\n<li>Fenomeni di mobbing e burn out<\/li>\n<li>Il rischio da agenti biologici: obblighi previsti dal D.Lgs. 81\/08<\/li>\n<\/ul>\n<p><strong>Lezione 6 (4 ore)<\/strong><\/p>\n<ul>\n<li>Rischio rumore e vibrazioni: D.Lgs. 81\/08 e norme tecniche di riferimento per la valutazione e l\u2019individuazione delle misure di sicurezza<\/li>\n<li>Il rischio da campi elettromagnetici e il D.Lgs. 81\/08: i livelli di esposizione e gli obblighi previsti<\/li>\n<li>Il rischio da radiazioni ottiche artificiali e il D.Lgs. 81\/08:\u202fi livelli di esposizione e gli obblighi previsti<\/li>\n<\/ul>\n<p><strong>Lezione 7 (4 ore)<\/strong><\/p>\n<ul>\n<li>Rischio incendio: come valutarlo e determinare le misure di sicurezza<\/li>\n<li>Panoramica sulla normativa antincendio<\/li>\n<li>La gestione delle emergenze<\/li>\n<li>Il rischio esplosione: cenni sulla classificazione delle aree e delle norme tecniche di riferimento<\/li>\n<li>La valutazione del rischio esplosione e l&#8217;identificazione delle misure di sicurezza<\/li>\n<li>Le direttive ATEX<\/li>\n<\/ul>\n<p><strong>Lezione 8 (4 ore)<\/strong><\/p>\n<ul>\n<li>Rischi infortunistici connessi con le attrezzature e le macchine<\/li>\n<li>Il rischio elettrico: gestione e modalit\u00e0 di lavoro. Dal D.Lgs. 81\/08 alle norme tecniche CEI EN 50110 e CEI 11-27<\/li>\n<li>Gli impianti elettrici: caratteristiche e modalit\u00e0 di verifica e manutenzione<\/li>\n<li>Il rischio da scariche atmosferiche: come valutarlo<\/li>\n<li>La movimentazione delle merci: mezzi di trasporto, apparecchi di sollevamento e attrezzature per trasporto merci<\/li>\n<\/ul>\n<p><strong>Lezione 9 (4 ore)<\/strong><\/p>\n<ul>\n<li>Il rischio chimico, mutageno e cancerogeno: approfondimenti sugli obblighi di legge e sulle metodologie di valutazione applicabili<\/li>\n<li>Il rischio amianto<\/li>\n<\/ul>\n<p><strong>Lezione 10 (4 ore)<\/strong><\/p>\n<ul>\n<li>Lavori in quota: il rischio di caduta dall\u2019alto. Obblighi previsti dal D.Lgs. 81\/08 e norme tecniche di riferimento per la valutazione e l\u2019individuazione delle norme di sicurezza nei lavori in quota<\/li>\n<li>Lavori in ambienti confinati: le linee guida di riferimento per la sicurezza<\/li>\n<li>Il D.P.R. 177\/11 sulla qualificazione delle imprese operanti in ambienti confinati<\/li>\n<li>Come certificare i requisiti delle imprese operanti in ambienti confinati<\/li>\n<\/ul>\n<p><strong>Lezione 11 (4 ore)<\/strong><\/p>\n<ul>\n<li>Rischio connesso con le attivit\u00e0 su strada<\/li>\n<li>La gestione dei rifiuti<\/li>\n<li>Rischi connessi con l&#8217;assunzione di sostanze stupefacenti, psicotrope ed alcool<\/li>\n<li>Introduzione all&#8217;organizzazione dei processi produttivi ed ai rischi connessi con l&#8217;organizzazione del lavoro<\/li>\n<li>La gestione della manutenzione degli impianti, delle attrezzature e degli ambienti di lavoro<\/li>\n<\/ul>\n<p><strong>Lezione 12 (4 ore)<\/strong><\/p>\n<ul>\n<li>I lavori in appalto e i rischi interferenti: DUVRI<\/li>\n<li>Gli audit come strumento di verifica e controllo: esempi<\/li>\n<li>Esercitazione sulla valutazione e gestione rischi interferenti<\/li>\n<li>Dispositivi di protezione Individuale (DPI): requisiti e scelta<\/li>\n<\/ul>\n<p>&nbsp;<\/p>\n<p><strong>Verifica finale di apprendimento, mediante test e con prova di tipo descrittivo basata sulla risoluzione di 5 domande aperte su casi reali.<\/strong><\/p>","protected":false},"excerpt":{"rendered":"<p>Il Modulo B \u00e8 il percorso specialistico che approfondisce i rischi specifici legati ai settori produttivi. \u00c8 rivolto a coloro che hanno gi\u00e0 completato il Modulo A e vogliono esercitare le funzioni di ASPP\/RSPP. Il corso affronta in modo dettagliato i rischi meccanici, fisici, chimici, biologici, ergonomici e organizzativi, con riferimento ai settori Ateco. La formazione \u00e8 arricchita da casi pratici ed esercitazioni.<\/p>","protected":false},"featured_media":5563,"template":"","meta":{"_acf_changed":false,"wds_primary_product_brand":0,"wds_primary_product_cat":0},"product_brand":[],"product_cat":[49,64,37],"product_tag":[],"class_list":{"0":"post-5343","1":"product","2":"type-product","3":"status-publish","4":"has-post-thumbnail","6":"product_cat-aula-e-videoconferenza","7":"product_cat-salute-e-sicurezza","8":"product_cat-tutti-i-corsi","10":"first","11":"outofstock","12":"virtual","13":"taxable","14":"product-type-simple"},"acf":{"durata":"48","modalita_di_erogazione":"In Sede\/videoconferenza","sedi":"Sede SCILLA in Via Naro, 81 \u2013 Pomezia (RM) oppure su richiesta presso la sede del cliente","frequenza_obbligatoria":"90%","destinatari_del_corso":"Coloro che hanno completato il Modulo A e intendono specializzarsi come ASPP o RSPPTecnici della sicurezza e consulentiProfessionisti della prevenzione in contesti aziendali complessi","certificazione":"Al termine del corso, superato il test di verifica dell\u2019apprendimento, verr\u00e0 rilasciato un attestato di formazione valido ai fini di legge, in conformit\u00e0 alla normativa vigente."},"meta_box":[],"_links":{"self":[{"href":"https:\/\/scillasb.com\/en\/wp-json\/wp\/v2\/product\/5343","targetHints":{"allow":["GET"]}}],"collection":[{"href":"https:\/\/scillasb.com\/en\/wp-json\/wp\/v2\/product"}],"about":[{"href":"https:\/\/scillasb.com\/en\/wp-json\/wp\/v2\/types\/product"}],"wp:featuredmedia":[{"embeddable":true,"href":"https:\/\/scillasb.com\/en\/wp-json\/wp\/v2\/media\/5563"}],"wp:attachment":[{"href":"https:\/\/scillasb.com\/en\/wp-json\/wp\/v2\/media?parent=5343"}],"wp:term":[{"taxonomy":"product_brand","embeddable":true,"href":"https:\/\/scillasb.com\/en\/wp-json\/wp\/v2\/product_brand?post=5343"},{"taxonomy":"product_cat","embeddable":true,"href":"https:\/\/scillasb.com\/en\/wp-json\/wp\/v2\/product_cat?post=5343"},{"taxonomy":"product_tag","embeddable":true,"href":"https:\/\/scillasb.com\/en\/wp-json\/wp\/v2\/product_tag?post=5343"}],"curies":[{"name":"wp","href":"https:\/\/api.w.org\/{rel}","templated":true}]}}