{"id":5346,"date":"2025-04-28T12:56:49","date_gmt":"2025-04-28T10:56:49","guid":{"rendered":"https:\/\/dev.scillasb.com\/?post_type=product&#038;p=5346"},"modified":"2025-05-27T12:11:38","modified_gmt":"2025-05-27T10:11:38","slug":"corso-di-formazione-rls","status":"publish","type":"product","link":"https:\/\/scillasb.com\/en\/product\/corso-di-formazione-rls\/","title":{"rendered":"Corso di formazione RLS"},"content":{"rendered":"<h4>PROGRAMMA DIDATTICO<\/h4>\n<p>In ottemperanza all\u2019articolo numero 37, comma 10 e 11 D.lgs. 81\/08<\/p>\n<p><strong>Prima giornata:<\/strong><\/p>\n<ul>\n<li>Il sistema legislativo in materia di sicurezza dei lavoratori;<\/li>\n<li>La responsabilit\u00e0 civile e penale e la tutela assicurativa;<\/li>\n<li>La &#8220;responsabilit\u00e0 amministrativa delle persone giuridiche, delle societ\u00e0 e delle associazioni, anche prive di responsabilit\u00e0 giuridica&#8221; ex D. Lgs. n.231\/2001 e s.m.i.;<\/li>\n<li>Il sistema istituzionale della prevenzione;<\/li>\n<li>I principali fattori di rischio e le relative misure tecniche, organizzative e procedurali di prevenzione e protezione;<\/li>\n<li>I soggetti del sistema di prevenzione aziendale secondo il D. Lgs. 81\/08: compiti, obblighi, responsabilit\u00e0;<\/li>\n<li>I criteri e gli strumenti per l&#8217;individuazione e la valutazione dei rischi;<\/li>\n<li>La considerazione degli infortuni mancati e delle modalit\u00e0 di accadimento degli stessi;<\/li>\n<li>La considerazione delle risultanze delle attivit\u00e0 di partecipazione dei lavoratori;<\/li>\n<li>Il documento di valutazione dei rischi (contenuti specificit\u00e0 e metodologie);<\/li>\n<li>Modelli di organizzazione e gestione della sicurezza;<\/li>\n<li>Gli obblighi connessi ai contratti di appalto o d&#8217;opera o di somministrazione;<\/li>\n<li>Il documento unico di valutazione dei rischi da interferenza;<\/li>\n<li>La gestione della documentazione tecnico amministrativa.<\/li>\n<\/ul>\n<p><strong>Seconda giornata:<\/strong><\/p>\n<ul>\n<li>Rischi ricollegabili al genere, all&#8217;et\u00e0 e alla provenienza da altri paesi;<\/li>\n<li>Le tecniche di comunicazione;<\/li>\n<li>Il sistema delle relazioni aziendali e della comunicazione in azienda;<\/li>\n<li>L&#8217;informazione, la formazione e l&#8217;addestramento;<\/li>\n<li>La consultazione e la partecipazione dei rappresentanti dei lavoratori per la sicurezza: natura, funzioni e modalit\u00e0 di nomina o di elezione dei rappresentanti dei lavoratori per la sicurezza.<\/li>\n<li>I lavori ad alto rischio: come valutare il rischio e gestire le attivit\u00e0 con alta magnitudo di danno<\/li>\n<li>I lavori in quota e D. Lgs. 81\/08;<\/li>\n<li>Le procedure per effettuare lavori in quota in sicurezza: linee guida di riferimento;<\/li>\n<li>Lavori in ambienti confinati: le linee guida di riferimento per la sicurezza;<\/li>\n<li>Il D.P.R. 177\/11 sulla qualificazione delle imprese operanti in ambienti confinati;<\/li>\n<li>Come certificare i requisiti delle imprese operanti in ambienti confinati;<\/li>\n<li>Rischio rumore e vibrazione: valutazione e misure di sicurezza.<\/li>\n<\/ul>\n<p><strong>Terza giornata:<\/strong><\/p>\n<ul>\n<li>Attrezzature di lavoro;<\/li>\n<li>Rischio elettrico e lavori elettrici (norma CEI 11-27);<\/li>\n<li>La movimentazione manuale dei carichi: i rischi connessi con una delle attivit\u00e0 pi\u00f9 diffuse negli ambienti di lavoro;<\/li>\n<li>Il D. Lgs. 81\/08 e la movimentazione manuale dei carichi;<\/li>\n<li>Metodologie per la valutazione dei rischi: la norma UNI ISO 11228-1 &#8220;Ergonomia \u2013 Movimentazione manuale;<\/li>\n<li>Parte 1: Sollevamento e spostamento&#8221; e il metodo NIOSH- Il rischio derivante dalle operazioni di traino \u2013 spinta: la norma UNI ISO 11228-2 &#8220;Ergonomia \u2013 Movimentazione manuale;<\/li>\n<li>Parte 2: Spinta e traino&#8221;<\/li>\n<li>Gli strumenti per la misurazione delle forze di traino \u2013 spinta: il dinamometro;<\/li>\n<li>Il rischio derivante dai movimenti ripetuti: la norma UNI ISO 11228-3 &#8220;Ergonomia \u2013 Movimentazione manuale;<\/li>\n<li>Parte 3: Movimentazione di piccoli carichi con grande frequenza&#8221; e la check list OCRA;<\/li>\n<li>I rischi da movimentazione carichi per mezzo di attrezzature.<\/li>\n<li>Il rischio da campi elettromagnetici: i livelli di esposizione e gli obblighi previsti dal capo IV del D.Lgs. 81\/08;<\/li>\n<li>Il rischio da radiazioni ottiche artificiali (ROA) e il D. Lgs. 81\/08;<\/li>\n<li>La norma UNI 14255 &#8220;Misurazione e valutazione dell&#8217;esposizione personale a radiazioni ottiche incoerenti.<\/li>\n<\/ul>\n<p><strong>Quarta giornata:<\/strong><\/p>\n<ul>\n<li>Rischio rumore e vibrazione: valutazione e misure di sicurezza;<\/li>\n<li>Agenti chimici: REACH e CLP;<\/li>\n<li>Videoterminali;<\/li>\n<li>I dispositivi di protezione individuale;<\/li>\n<li>Il rischio da stress lavoro-correlato;<\/li>\n<li>La sorveglianza sanitaria;<\/li>\n<li>L&#8217;organizzazione della prevenzione incendi, del primo soccorso e della gestione delle emergenze.<\/li>\n<li>Esercitazioni pratiche, role play e giochi di gruppo.<\/li>\n<li>Test finale<\/li>\n<\/ul>","protected":false},"excerpt":{"rendered":"<p>Il corso fornisce al Rappresentante dei Lavoratori per la Sicurezza (RLS) le conoscenze necessarie per svolgere efficacemente il proprio ruolo all\u2019interno dell\u2019azienda. La formazione copre aspetti normativi, tecnici e relazionali: diritti e doveri, valutazione dei rischi, individuazione delle misure di prevenzione e comunicazione con i lavoratori e il datore di lavoro.<\/p>","protected":false},"featured_media":5553,"template":"","meta":{"_acf_changed":false,"wds_primary_product_brand":0,"wds_primary_product_cat":0},"product_brand":[],"product_cat":[49,64,37],"product_tag":[],"class_list":{"0":"post-5346","1":"product","2":"type-product","3":"status-publish","4":"has-post-thumbnail","6":"product_cat-aula-e-videoconferenza","7":"product_cat-salute-e-sicurezza","8":"product_cat-tutti-i-corsi","10":"first","11":"outofstock","12":"virtual","13":"taxable","14":"product-type-simple"},"acf":{"durata":"32","modalita_di_erogazione":"In Sede\/videoconferenza","sedi":"Sede SCILLA in Via Naro, 81 \u2013 Pomezia (RM) oppure su richiesta presso la sede del cliente","frequenza_obbligatoria":"90%","destinatari_del_corso":"Lavoratori eletti o designati come RLS in aziende di ogni settoreDelegati sindacali che vogliono esercitare anche funzioni di rappresentanza per la sicurezzaFigure aziendali che supportano la gestione della sicurezza interna","certificazione":"Al termine del corso, superato il test di verifica dell\u2019apprendimento, verr\u00e0 rilasciato un attestato di formazione valido ai fini di legge, in conformit\u00e0 alla normativa vigente."},"meta_box":[],"_links":{"self":[{"href":"https:\/\/scillasb.com\/en\/wp-json\/wp\/v2\/product\/5346","targetHints":{"allow":["GET"]}}],"collection":[{"href":"https:\/\/scillasb.com\/en\/wp-json\/wp\/v2\/product"}],"about":[{"href":"https:\/\/scillasb.com\/en\/wp-json\/wp\/v2\/types\/product"}],"wp:featuredmedia":[{"embeddable":true,"href":"https:\/\/scillasb.com\/en\/wp-json\/wp\/v2\/media\/5553"}],"wp:attachment":[{"href":"https:\/\/scillasb.com\/en\/wp-json\/wp\/v2\/media?parent=5346"}],"wp:term":[{"taxonomy":"product_brand","embeddable":true,"href":"https:\/\/scillasb.com\/en\/wp-json\/wp\/v2\/product_brand?post=5346"},{"taxonomy":"product_cat","embeddable":true,"href":"https:\/\/scillasb.com\/en\/wp-json\/wp\/v2\/product_cat?post=5346"},{"taxonomy":"product_tag","embeddable":true,"href":"https:\/\/scillasb.com\/en\/wp-json\/wp\/v2\/product_tag?post=5346"}],"curies":[{"name":"wp","href":"https:\/\/api.w.org\/{rel}","templated":true}]}}