{"id":5347,"date":"2025-04-28T12:56:49","date_gmt":"2025-04-28T10:56:49","guid":{"rendered":"https:\/\/dev.scillasb.com\/?post_type=product&#038;p=5347"},"modified":"2025-05-27T12:11:38","modified_gmt":"2025-05-27T10:11:38","slug":"corso-di-formazione-rlssa-modulo-ambientale","status":"publish","type":"product","link":"https:\/\/scillasb.com\/en\/product\/corso-di-formazione-rlssa-modulo-ambientale\/","title":{"rendered":"Corso di formazione RLSSA &#8211; Modulo ambientale"},"content":{"rendered":"<p>PROGRAMMA DIDATTICO<\/p>\n<p>In ottemperanza all\u2019articolo numero 37, comma 10 e 11 D.lgs. 81\/08<\/p>\n<p>Prima giornata:<\/p>\n<p>\u2022 Il sistema legislativo in materia di sicurezza dei lavoratori;<br \/>\n\u2022 La responsabilit\u00e0 civile e penale e la tutela assicurativa;<br \/>\n\u2022 La &#8220;responsabilit\u00e0 amministrativa delle persone giuridiche, delle societ\u00e0 e delle associazioni, anche prive di responsabilit\u00e0 giuridica&#8221; ex D. Lgs. n.231\/2001 e s.m.i.;<br \/>\n\u2022 Il sistema istituzionale della prevenzione;<br \/>\n\u2022 I principali fattori di rischio e le relative misure tecniche, organizzative e procedurali di prevenzione e protezione;<br \/>\n\u2022 I soggetti del sistema di prevenzione aziendale secondo il D. Lgs. 81\/08: compiti, obblighi, responsabilit\u00e0;<br \/>\n\u2022 I criteri e gli strumenti per l&#8217;individuazione e la valutazione dei rischi;<br \/>\n\u2022 La considerazione degli infortuni mancati e delle modalit\u00e0 di accadimento degli stessi;<br \/>\n\u2022 La considerazione delle risultanze delle attivit\u00e0 di partecipazione dei lavoratori;<br \/>\n\u2022 Il documento di valutazione dei rischi (contenuti specificit\u00e0 e metodologie);<br \/>\n\u2022 Modelli di organizzazione e gestione della sicurezza;<br \/>\n\u2022 Gli obblighi connessi ai contratti di appalto o d&#8217;opera o di somministrazione;<br \/>\n\u2022 Il documento unico di valutazione dei rischi da interferenza;<br \/>\n\u2022 La gestione della documentazione tecnico amministrativa.<\/p>\n<p>Seconda giornata:<\/p>\n<p>\u2022 Rischi ricollegabili al genere, all&#8217;et\u00e0 e alla provenienza da altri paesi;<br \/>\n\u2022 Le tecniche di comunicazione;<br \/>\n\u2022 Il sistema delle relazioni aziendali e della comunicazione in azienda;<br \/>\n\u2022 L&#8217;informazione, la formazione e l&#8217;addestramento;<br \/>\n\u2022 La consultazione e la partecipazione dei rappresentanti dei lavoratori per la sicurezza: natura, funzioni e modalit\u00e0 di nomina o di elezione dei rappresentanti dei lavoratori per la sicurezza.<br \/>\n\u2022 I lavori ad alto rischio: come valutare il rischio e gestire le attivit\u00e0 con alta magnitudo di danno<br \/>\n\u2022 I lavori in quota e D. Lgs. 81\/08;<br \/>\n\u2022 Le procedure per effettuare lavori in quota in sicurezza: linee guida di riferimento;<br \/>\n\u2022 Lavori in ambienti confinati: le linee guida di riferimento per la sicurezza;<br \/>\n\u2022 Il D.P.R. 177\/11 sulla qualificazione delle imprese operanti in ambienti confinati;<br \/>\n\u2022 Come certificare i requisiti delle imprese operanti in ambienti confinati;<br \/>\n\u2022 Rischio rumore e vibrazione: valutazione e misure di sicurezza.<\/p>\n<p>Terza giornata:<\/p>\n<ul>\n<li>Attrezzature di lavoro;<\/li>\n<li>Rischio elettrico e lavori elettrici (norma CEI 11-27);<\/li>\n<li>La movimentazione manuale dei carichi: i rischi connessi con una delle attivit\u00e0 pi\u00f9 diffuse negli ambienti di lavoro;<\/li>\n<li>Il D. Lgs. 81\/08 e la movimentazione manuale dei carichi;<\/li>\n<li>Metodologie per la valutazione dei rischi: la norma UNI ISO 11228-1 &#8220;Ergonomia \u2013 Movimentazione manuale;<\/li>\n<li>Parte 1: Sollevamento e spostamento&#8221; e il metodo NIOSH- Il rischio derivante dalle operazioni di traino \u2013 spinta: la norma UNI ISO 11228-2 &#8220;Ergonomia \u2013 Movimentazione manuale;<\/li>\n<li>Parte 2: Spinta e traino&#8221;<\/li>\n<li>Gli strumenti per la misurazione delle forze di traino \u2013 spinta: il dinamometro;<\/li>\n<li>Il rischio derivante dai movimenti ripetuti: la norma UNI ISO 11228-3 &#8220;Ergonomia \u2013 Movimentazione manuale;<\/li>\n<li>Parte 3: Movimentazione di piccoli carichi con grande frequenza&#8221; e la check list OCRA;<\/li>\n<li>I rischi da movimentazione carichi per mezzo di attrezzature.<\/li>\n<li>Il rischio da campi elettromagnetici: i livelli di esposizione e gli obblighi previsti dal capo IV del D.Lgs. 81\/08;<\/li>\n<li>Il rischio da radiazioni ottiche artificiali (ROA) e il D. Lgs. 81\/08;<\/li>\n<li>La norma UNI 14255 &#8220;Misurazione e valutazione dell&#8217;esposizione personale a radiazioni ottiche incoerenti.<\/li>\n<\/ul>\n<p><strong>Quarta giornata:<\/strong><\/p>\n<ul>\n<li>Rischio rumore e vibrazione: valutazione e misure di sicurezza;<\/li>\n<li>Agenti chimici: REACH e CLP;<\/li>\n<li>Videoterminali;<\/li>\n<li>I dispositivi di protezione individuale;<\/li>\n<li>Il rischio da stress lavoro-correlato;<\/li>\n<li>La sorveglianza sanitaria;<\/li>\n<li>L&#8217;organizzazione della prevenzione incendi, del primo soccorso e della gestione delle emergenze.<\/li>\n<li>Esercitazioni pratiche, role play e giochi di gruppo.<\/li>\n<\/ul>\n<p><strong>Quinta giornata:<\/strong><\/p>\n<ul>\n<li>La normativa contrattuale del settore chimico;<\/li>\n<li>Attivit\u00e0 di RLS nel comparto;<\/li>\n<li>I valori di soglia delle sostanze chimiche disciplinati dal contratto collettivo<\/li>\n<li>Il codice dell\u2019ambiente (d.lgs 152\/2006) e le disposizioni principali<\/li>\n<li>Aspetti ambientali: emissioni in atmosfera \u2013 scarichi idrici \u2013 rifiuti solidi e liquidi<\/li>\n<li>Le attivit\u00e0 a rischio di incidente rilevante.<\/li>\n<\/ul>\n<p>&nbsp;<\/p>\n<p><strong>Test finale<\/strong><\/p>","protected":false},"excerpt":{"rendered":"<p>Questo corso \u00e8 dedicato ai Rappresentanti dei Lavoratori per la Sicurezza, l\u2019Ambiente e la Salute (RLSSA) e approfondisce in particolare il modulo ambientale, fornendo conoscenze su sostenibilit\u00e0, gestione ambientale, normativa ambientale e valutazione dell\u2019impatto ambientale delle attivit\u00e0 lavorative. Unisce competenze tecniche a strumenti operativi per migliorare le performance ambientali aziendali.<\/p>","protected":false},"featured_media":5577,"template":"","meta":{"_acf_changed":false,"wds_primary_product_brand":0,"wds_primary_product_cat":0},"product_brand":[],"product_cat":[49,64,37],"product_tag":[],"class_list":{"0":"post-5347","1":"product","2":"type-product","3":"status-publish","4":"has-post-thumbnail","6":"product_cat-aula-e-videoconferenza","7":"product_cat-salute-e-sicurezza","8":"product_cat-tutti-i-corsi","10":"first","11":"outofstock","12":"virtual","13":"taxable","14":"product-type-simple"},"acf":{"durata":"40","modalita_di_erogazione":"In Sede\/videoconferenza","sedi":"Sede SCILLA in Via Naro, 81 \u2013 Pomezia (RM) oppure su richiesta presso la sede del cliente","frequenza_obbligatoria":"90%","destinatari_del_corso":"RLS con delega anche in ambito ambientale (RLSSA)Lavoratori coinvolti in progetti aziendali di sostenibilit\u00e0 e gestione ambientaleReferenti HSE aziendali che vogliono integrare la sicurezza con la tutela dell\u2019ambiente","certificazione":"Al termine del corso, superato il test di verifica dell\u2019apprendimento, verr\u00e0 rilasciato un attestato di formazione valido ai fini di legge, in conformit\u00e0 alla normativa vigente."},"meta_box":[],"_links":{"self":[{"href":"https:\/\/scillasb.com\/en\/wp-json\/wp\/v2\/product\/5347","targetHints":{"allow":["GET"]}}],"collection":[{"href":"https:\/\/scillasb.com\/en\/wp-json\/wp\/v2\/product"}],"about":[{"href":"https:\/\/scillasb.com\/en\/wp-json\/wp\/v2\/types\/product"}],"wp:featuredmedia":[{"embeddable":true,"href":"https:\/\/scillasb.com\/en\/wp-json\/wp\/v2\/media\/5577"}],"wp:attachment":[{"href":"https:\/\/scillasb.com\/en\/wp-json\/wp\/v2\/media?parent=5347"}],"wp:term":[{"taxonomy":"product_brand","embeddable":true,"href":"https:\/\/scillasb.com\/en\/wp-json\/wp\/v2\/product_brand?post=5347"},{"taxonomy":"product_cat","embeddable":true,"href":"https:\/\/scillasb.com\/en\/wp-json\/wp\/v2\/product_cat?post=5347"},{"taxonomy":"product_tag","embeddable":true,"href":"https:\/\/scillasb.com\/en\/wp-json\/wp\/v2\/product_tag?post=5347"}],"curies":[{"name":"wp","href":"https:\/\/api.w.org\/{rel}","templated":true}]}}