{"id":5376,"date":"2025-04-28T12:56:44","date_gmt":"2025-04-28T10:56:44","guid":{"rendered":"https:\/\/dev.scillasb.com\/?post_type=product&#038;p=5376"},"modified":"2025-05-27T12:21:52","modified_gmt":"2025-05-27T10:21:52","slug":"corso-di-formazione-addetti-alla-conduzione-di-gru-su-autocarro","status":"publish","type":"product","link":"https:\/\/scillasb.com\/en\/product\/corso-di-formazione-addetti-alla-conduzione-di-gru-su-autocarro\/","title":{"rendered":"Corso di formazione addetti alla conduzione di gru su autocarro"},"content":{"rendered":"<h4>PROGRAMMA DIDATTICO<\/h4>\n<p>AI SENSI DEGLI ARTT. 37 E 73, COMMA 5 DEL D.LGS. N\u00b0 81\/2008 CORR. D.LGS.N. 106\/2009 E ACC. STATO-REGIONI DEL 22\/02\/2012 ALL III<\/p>\n<p><strong>Modulo giuridico normativo 1 ora:<\/strong><\/p>\n<ul>\n<li>Presentazione del corso;<\/li>\n<li>Cenni di normativa generale in materia di igiene e sicurezza del lavoro con particolare riferimento alle disposizioni di legge in materia di uso delle attrezzature di lavoro per le operazioni di movimentazione di carichi;<\/li>\n<li>Responsabilit\u00e0 dell&#8217;operatore.<\/li>\n<\/ul>\n<p><strong>Modulo teorico 3 ore:<\/strong><\/p>\n<ul>\n<li>Terminologia;<\/li>\n<li>Caratteristiche delle diverse tipologie di gru per autocarro e dei relativi accessori;<\/li>\n<li>Nozioni elementari di fisica per valutare la massa di un carico e le condizioni di equilibrio di un corpo;<\/li>\n<li>Condizioni di stabilit\u00e0 di una gru per autocarro: fattori ed elementi che influenzano la stabilit\u00e0;<\/li>\n<li>Caratteristiche principali e principali componenti delle gru per autocarro;<\/li>\n<li>Tipi di allestimento e organi di presa;<\/li>\n<li>Dispositivi di comando a distanza;<\/li>\n<li>Dispositivi di sicurezza;<\/li>\n<li>Contenuti della documentazione e delle targhe segnaletiche in dotazione alle gru per autocarro;<\/li>\n<li>Utilizzo delle tabelle di carico fornite dal costruttore;<\/li>\n<li>Principi di funzionamento e di regolazione dei dispositivi limitatori, indicatori e di controllo;<\/li>\n<li>Principi generali per il trasferimento, il posizionamento e la stabilizzazione;<\/li>\n<li>Modalit\u00e0 di utilizzo in sicurezza e rischi: analisi e valutazione dei rischi pi\u00f9 ricorrenti nell&#8217;utilizzo di gru per autocarro (caduta del carico, perdita di stabilit\u00e0 della gru, urto di persone con il carico o con la gru, rischi connessi all&#8217;ambiente, rischi connessi alla non corretta stabilizzazione);<\/li>\n<li>Segnaletica gestuale<\/li>\n<\/ul>\n<p><strong>MODULO PRATICO 8 ORE<\/strong><\/p>\n<ul>\n<li>Individuazione dei componenti strutturali: base, telaio e controtelaio, sistemi di stabilizzazione, colonna, gruppo, bracci.<\/li>\n<li>Dispositivi di comando e di sicurezza: identificazione dei dispositivi di comando (comandi idraulici ed elettroidraulici, radiocomandi) e loro funzionamento (spostamento, posizionamento ed operativit\u00e0), identificazione dei dispositivi di sicurezza e loro funzione.<\/li>\n<li>Controlli pre-utilizzo: controlli visivi e funzionali della gru per autocarro e dei componenti accessori, dei dispositivi di comando, di segnalazione e di sicurezza, previsti dal costruttore nel manuale di istruzioni dell&#8217;attrezzatura. Manovre della gru per autocarro senza carico (sollevamento, estensione, rotazione, ecc.) singole e combinate.<\/li>\n<li>Controlli prima del trasferimento su strada: verifica delle condizioni di assetto (struttura di sollevamento e stabilizzatori).<\/li>\n<li>Pianificazione delle operazioni di sollevamento: condizioni di sito di lavoro (pendenze, condizioni del piano di appoggio), valutazione della massa del carico, determinazione del raggio, configurazione della gru per autocarro, sistemi di imbracatura, ecc.<\/li>\n<li>Posizionamento della gru per autocarro sul luogo di lavoro: posizionamento della gru rispetto al baricentro del carico, delimitazione dell&#8217;area di lavoro, segnaletica da predisporre su strade pubbliche, messa in opera di stabilizzatori, livellamento della gru. Procedure per la messa in opera di accessori, bozzelli, stabilizzatori jib, ecc.<\/li>\n<li>Esercitazioni di pratiche operative:<\/li>\n<li>Effettuazione di esercitazioni di presa\/aggancio del carico per il controllo della rotazione, dell&#8217;oscillazione, degli urti e del posizionamento del carico. Operazioni in prossimit\u00e0 di ostacoli fissi o altre gru (interferenza). Movimentazione di carichi di uso comune e carichi di forma particolare quali: carichi lunghi e flessibili, carichi piani con superficie molto ampia, carichi di grandi dimensioni. Manovre di precisione per il sollevamento, il rilascio ed il posizionamento dei carichi in posizioni visibili e non visibili.<\/li>\n<li>Utilizzo di accessori di sollevamento diversi dal gancio (polipo, benna, ecc.). Movimentazione di carichi con accessori di sollevamento speciali. Imbracature di carichi.<\/li>\n<li>Manovre di emergenza: effettuazione delle manovre di emergenza per il recupero del carico.<\/li>\n<li>Prove di comunicazione con segnali gestuali e via radio.<\/li>\n<li>Operazioni pratiche per il corretto funzionamento dei dispositivi limitatori, indicatori e di disposizione.<\/li>\n<li>Esercitazioni sull&#8217;uso sicuro, gestione di situazioni di emergenza e compilazione del registro di controllo.<\/li>\n<li>Messa a riposo della gru per autocarro: procedure per il rimessaggio di accessori, bozzelli, stabilizzatori, jib, ecc.<\/li>\n<li>Test finale<\/li>\n<\/ul>","protected":false},"excerpt":{"rendered":"<p>Il corso di formazione per addetti alla conduzione di gru su autocarro fornisce le competenze per operare in sicurezza con gru montate su autocarri. Vengono trattate le normative di sicurezza, le tecniche di manovra, l\u2019uso corretto dei dispositivi di protezione, la manutenzione delle gru e le procedure di emergenza.<\/p>","protected":false},"featured_media":5642,"template":"","meta":{"_acf_changed":false,"wds_primary_product_brand":0,"wds_primary_product_cat":0},"product_brand":[],"product_cat":[49,66,37],"product_tag":[],"class_list":{"0":"post-5376","1":"product","2":"type-product","3":"status-publish","4":"has-post-thumbnail","6":"product_cat-aula-e-videoconferenza","7":"product_cat-formazione-attrezzature-dpi","8":"product_cat-tutti-i-corsi","10":"first","11":"outofstock","12":"virtual","13":"taxable","14":"product-type-simple"},"acf":{"durata":"12","modalita_di_erogazione":"In sede","sedi":"Sede SCILLA in Via Naro, 81 \u2013 Pomezia (RM) oppure su richiesta presso la sede del cliente","frequenza_obbligatoria":"90%","destinatari_del_corso":"Lavoratori che operano con gru montate su autocarri nei cantieri e in ambienti industrialiTecnici e operatori addetti alla movimentazione di carichi con gru su veicoliResponsabili della sicurezza in operazioni di sollevamento","certificazione":"Al termine del corso, superato il test di verifica dell\u2019apprendimento, verr\u00e0 rilasciato un attestato di formazione valido ai fini di legge, in conformit\u00e0 alla normativa vigente."},"meta_box":[],"_links":{"self":[{"href":"https:\/\/scillasb.com\/en\/wp-json\/wp\/v2\/product\/5376","targetHints":{"allow":["GET"]}}],"collection":[{"href":"https:\/\/scillasb.com\/en\/wp-json\/wp\/v2\/product"}],"about":[{"href":"https:\/\/scillasb.com\/en\/wp-json\/wp\/v2\/types\/product"}],"wp:featuredmedia":[{"embeddable":true,"href":"https:\/\/scillasb.com\/en\/wp-json\/wp\/v2\/media\/5642"}],"wp:attachment":[{"href":"https:\/\/scillasb.com\/en\/wp-json\/wp\/v2\/media?parent=5376"}],"wp:term":[{"taxonomy":"product_brand","embeddable":true,"href":"https:\/\/scillasb.com\/en\/wp-json\/wp\/v2\/product_brand?post=5376"},{"taxonomy":"product_cat","embeddable":true,"href":"https:\/\/scillasb.com\/en\/wp-json\/wp\/v2\/product_cat?post=5376"},{"taxonomy":"product_tag","embeddable":true,"href":"https:\/\/scillasb.com\/en\/wp-json\/wp\/v2\/product_tag?post=5376"}],"curies":[{"name":"wp","href":"https:\/\/api.w.org\/{rel}","templated":true}]}}