{"id":5377,"date":"2025-04-28T12:56:43","date_gmt":"2025-04-28T10:56:43","guid":{"rendered":"https:\/\/dev.scillasb.com\/?post_type=product&#038;p=5377"},"modified":"2025-05-27T12:21:53","modified_gmt":"2025-05-27T10:21:53","slug":"corso-di-aggiornamento-addetti-alla-conduzione-di-gru-su-autocarro","status":"publish","type":"product","link":"https:\/\/scillasb.com\/en\/product\/corso-di-aggiornamento-addetti-alla-conduzione-di-gru-su-autocarro\/","title":{"rendered":"Corso di aggiornamento addetti alla conduzione di gru su autocarro"},"content":{"rendered":"<h4>PROGRAMMA DIDATTICO<\/h4>\n<p>AI SENSI DEGLI ARTT. 37 E 73, COMMA 5 DEL D. LGS. N. 81\/2008 CORR. D.LGS. N.106\/2009 E ACC. STATO-REGIONI DEL 22\/02\/2012 ALL. III<\/p>\n<p><strong>MODULO PARTICO 1 ORA<\/strong><\/p>\n<ul>\n<li>Cenni di normativa generale in materia di igiene e sicurezza del lavoro con particolare riferimento alle disposizioni di legge in materia di uso delle attrezzature di lavoro ( D.Lgs. 81\/08)<\/li>\n<li>Responsabilit\u00e0 dell\u2019operatore addetto all\u2019uso della Gru per autocarro<\/li>\n<\/ul>\n<p><strong>MODULO TEORICO 3 ORE<\/strong><\/p>\n<ul>\n<li>Dispositivi di comando e di sicurezza: identificazione dei dispositivi di comando (comandi idraulici e elettroidraulici, radiocomandi) e loro funzionamento (spostamento, posizionamento ed operativit\u00e0), identificazione dei dispositivi di sicurezza e loro funzione.<\/li>\n<li>Controlli pre-utilizzo: controlli visivi e funzionali della gru per autocarro e dei componenti accessori, dei dispositivi di comando, di segnalazione e di sicurezza, previsti dal costruttore nel manuale di istruzioni dell\u2019attrezzatura. Manovre della gru per autocarro senza carico (sollevamento, estensione, rotazione, ecc.) singole e combinate.<\/li>\n<li>Controlli prima del trasferimento su strada: verifica delle condizioni di assetto (struttura di sollevamento e stabilizzatori).<\/li>\n<li>Esercitazioni di pratiche operative<\/li>\n<\/ul>","protected":false},"excerpt":{"rendered":"<p>Il corso di aggiornamento per addetti alla conduzione di gru su autocarro \u00e8 destinato a chi gi\u00e0 opera con gru su autocarri e necessit\u00e0 di aggiornamenti periodici. Si approfondiscono le nuove normative, i cambiamenti nelle tecniche operative e le innovazioni tecnologiche che riguardano l\u2019utilizzo delle gru.<\/p>","protected":false},"featured_media":5600,"template":"","meta":{"_acf_changed":false,"wds_primary_product_brand":0,"wds_primary_product_cat":0},"product_brand":[],"product_cat":[49,66,37],"product_tag":[],"class_list":{"0":"post-5377","1":"product","2":"type-product","3":"status-publish","4":"has-post-thumbnail","6":"product_cat-aula-e-videoconferenza","7":"product_cat-formazione-attrezzature-dpi","8":"product_cat-tutti-i-corsi","10":"first","11":"outofstock","12":"virtual","13":"taxable","14":"product-type-simple"},"acf":{"durata":"4","modalita_di_erogazione":"In sede","sedi":"Sede SCILLA in Via Naro, 81 \u2013 Pomezia (RM) oppure su richiesta presso la sede del cliente","frequenza_obbligatoria":"90%","destinatari_del_corso":"Lavoratori che operano con gru montate su autocarri nei cantieri e in ambienti industrialiTecnici e operatori addetti alla movimentazione di carichi con gru su veicoliResponsabili della sicurezza in operazioni di sollevamento","certificazione":"Al termine del corso, superato il test di verifica dell\u2019apprendimento, verr\u00e0 rilasciato un attestato di formazione valido ai fini di legge, in conformit\u00e0 alla normativa vigente."},"meta_box":[],"_links":{"self":[{"href":"https:\/\/scillasb.com\/en\/wp-json\/wp\/v2\/product\/5377","targetHints":{"allow":["GET"]}}],"collection":[{"href":"https:\/\/scillasb.com\/en\/wp-json\/wp\/v2\/product"}],"about":[{"href":"https:\/\/scillasb.com\/en\/wp-json\/wp\/v2\/types\/product"}],"wp:featuredmedia":[{"embeddable":true,"href":"https:\/\/scillasb.com\/en\/wp-json\/wp\/v2\/media\/5600"}],"wp:attachment":[{"href":"https:\/\/scillasb.com\/en\/wp-json\/wp\/v2\/media?parent=5377"}],"wp:term":[{"taxonomy":"product_brand","embeddable":true,"href":"https:\/\/scillasb.com\/en\/wp-json\/wp\/v2\/product_brand?post=5377"},{"taxonomy":"product_cat","embeddable":true,"href":"https:\/\/scillasb.com\/en\/wp-json\/wp\/v2\/product_cat?post=5377"},{"taxonomy":"product_tag","embeddable":true,"href":"https:\/\/scillasb.com\/en\/wp-json\/wp\/v2\/product_tag?post=5377"}],"curies":[{"name":"wp","href":"https:\/\/api.w.org\/{rel}","templated":true}]}}